{"id":720,"date":"2019-10-16T00:57:51","date_gmt":"2019-10-16T00:57:51","guid":{"rendered":"http:\/\/motivoweb.com\/ruya\/demo\/?page_id=720"},"modified":"2022-07-23T11:42:39","modified_gmt":"2022-07-23T11:42:39","slug":"about-classic","status":"publish","type":"page","link":"https:\/\/elnakheeldrip.com\/fr\/pages\/about-classic\/","title":{"rendered":"About classic"},"content":{"rendered":"<div class=\"wpb-content-wrapper\"><p>[vc_row parallax=&#8221;content-moving&#8221; parallax_image=&#8221;2260&#8243; content_animation=&#8221;yes&#8221; mo_init_scale_x=&#8221;1&#8243; mo_init_scale_y=&#8221;1&#8243; mo_init_scale_z=&#8221;1&#8243; mo_init_opacity=&#8221;0&#8243; mo_an_scale_x=&#8221;1&#8243; mo_an_scale_y=&#8221;1&#8243; mo_an_scale_z=&#8221;1&#8243; mo_an_opacity=&#8221;1&#8243; css=&#8221;.vc_custom_1658575958414{padding-top: 250px !important;padding-bottom: 250px !important;}&#8221; mo_init_translate_y=&#8221;135&#8243; mo_init_translate_z=&#8221;-80&#8243; mo_init_rotate_x=&#8221;-25&#8243;][vc_column]\t\t<div class=\"mo-video-fancybox \">\n\t\t\t<a class=\"lightbox-video video-button gradient dir_center\" href=\"https:\/\/youtu.be\/dMv9eAT9f-k\"><i class=\"fa fa-play\"><\/i><\/a>\t\t<\/div>\n    [vc_empty_space height=&#8221;30px&#8221;]<div class=\"fancy_heading\"style=\"color:#ffffff; font-size:36px; line-height:42px; text-align:center;  font-weight:700;  \"><h3 > La soci\u00e9t\u00e9 El-Nakheel offre une vari\u00e9t\u00e9 de produits de haute qualit\u00e9 conform\u00e9ment<\/h3>        \n       \t\n\t\t\n\t<\/div>\n    <div class=\"fancy_heading\"style=\"color:#ffffff; font-size:36px; line-height:42px; text-align:center;  font-weight:700;  \"><h3 > aux normes internationales et aux sp\u00e9cifications universelles<\/h3>        \n       \t\n\t\t\n\t<\/div>\n    [\/vc_column][\/vc_row][vc_row][vc_column css=&#8221;.vc_custom_1565278673466{margin-top: -120px !important;}&#8221;][vc_row_inner][vc_column_inner width=&#8221;1\/3&#8243;]\t\t<div class=\"service iconbox  icon-box-style8\" >\n\t\t    \t\t  <div class=\"title-wrap\">\n\t\t\t   <h6>Tuyaux d\u2019Irrigation Plate<\/h6>\t\t\t   <a class=\"button btn-txt btn-txt-arrow dark hr_primary\"  href=\"https:\/\/elnakheeldrip.com\/fr\/flat-irrigation-hoses\/\" target=\"_self\">Pour en savoir plus<span class=\"button-arrow\"><span class=\"button-icon\"><\/span><\/span><\/a>          <\/div>\n\t\t<\/div>\n        <div class=\"clearfix\"><\/div>\n    [\/vc_column_inner][vc_column_inner width=&#8221;1\/3&#8243;]\t\t<div class=\"service iconbox  icon-box-style8\" >\n\t\t    \t\t  <div class=\"title-wrap\">\n\t\t\t   <h6>Tuyaux d\u2019Irrigation Ronde<\/h6>\t\t\t   <a class=\"button btn-txt btn-txt-arrow dark hr_primary\"  href=\"https:\/\/elnakheeldrip.com\/fr\/round-irrigation-hoses\/\" target=\"_self\">Pour en savoir plus<span class=\"button-arrow\"><span class=\"button-icon\"><\/span><\/span><\/a>          <\/div>\n\t\t<\/div>\n        <div class=\"clearfix\"><\/div>\n    [\/vc_column_inner][vc_column_inner width=&#8221;1\/3&#8243;]\t\t<div class=\"service iconbox  icon-box-style8\" >\n\t\t    \t\t  <div class=\"title-wrap\">\n\t\t\t   <h6>Fournitures<\/h6>\t\t\t   <a class=\"button btn-txt btn-txt-arrow dark hr_primary\"  href=\"https:\/\/elnakheeldrip.com\/fr\/provides\/\" target=\"_self\">Pour en savoir plus<span class=\"button-arrow\"><span class=\"button-icon\"><\/span><\/span><\/a>          <\/div>\n\t\t<\/div>\n        <div class=\"clearfix\"><\/div>\n    [\/vc_column_inner][\/vc_row_inner][\/vc_column][\/vc_row][vc_row css=&#8221;.vc_custom_1565367939158{padding-top: 100px !important;padding-bottom: 100px !important;}&#8221;][vc_column][vc_row_inner][vc_column_inner][vc_column_text]<strong>Aper\u00e7u<\/strong><\/p>\n<p>La soci\u00e9t\u00e9 El-Nakheel a \u00e9t\u00e9 fond\u00e9e en 2011, tandis que l\u2019activit\u00e9 a commenc\u00e9 10 ans plus t\u00f4t, lorsque les fondateurs \u00e9tudiaient les \u00e9tapes de d\u00e9veloppement de la fabrication de tuyaux partout dans le monde.<\/p>\n<p>El-Nakheel vise \u00e0 \u00eatre une ic\u00f4ne efficace dans la fabrication de tuyaux d\u2019irrigation modernes dans le monde entier r\u00e9pondant aux exigences de l\u2019agriculture moderne pour atteindre la productivit\u00e9 la plus \u00e9lev\u00e9e par acre servant \u00e0 la fois l\u2019investisseur et l\u2019agriculteur.<\/p>\n<p>Il n\u2019y a aucun doute que le v\u00e9ritable succ\u00e8s de toute organisation repose sur les ressources humaines, c\u2019est pourquoi la collaboration entre les sections de l\u2019entreprise \u00e0 travers les chefs de service &#8211; production, supervision, maintenance et ventes &#8211; s\u2019est am\u00e9lior\u00e9e et a ajust\u00e9 le rendement et l\u2019efficacit\u00e9 de notre personnel.<br \/>\nEn outre, il \u00e9tait n\u00e9cessaire pour El-Nakheel de maintenir des canaux de communication entre l\u2019ensemble du personnel et l\u2019administration pour r\u00e9ussir c\u2019est pourquoi nous sommes devenus une usine leader sur le march\u00e9.<\/p>\n<p><strong>Vision<\/strong><\/p>\n<p>L\u2019irrigation goutte \u00e0 goutte devient la m\u00e9thode la plus utile et la plus \u00e9conomique de l\u2019agriculture moderne. C\u2019est pourquoi la vision d\u2019El-Nakheel est bas\u00e9e sur l\u2019\u00e9conomie de chaque goutte pour rejoindre la cause de l\u2019\u00e9conomie des ressources naturelles en travaillant en \u00e9troite collaboration avec nos partenaires pour construire la confiance, le respect et la valeur ajout\u00e9e des entreprises pour devenir l\u2019une des principales entreprises industrielles dans le monde entier avec un soin \u00e9lev\u00e9 de l\u2019action humanitaire.<\/p>\n<p><strong>Mission<\/strong><\/p>\n<p>Notre mission est de construire un nouveau concept dans la compr\u00e9hension des besoins du client, lui permettant d\u2019augmenter sa productivit\u00e9 par unit\u00e9 au meilleur prix comp\u00e9titif, de haute qualit\u00e9 et des livraisons sp\u00e9cifiques en temps opportun pour atteindre une r\u00e9elle satisfaction du client, ce qui nous donne une position avanc\u00e9e sur le march\u00e9 local et mondial.<\/p>\n<p><strong>Historique de l\u2019exportation<\/strong><\/p>\n<p>El-Nakheel a r\u00e9ussi \u00e0 envahir le march\u00e9 du Moyen-Orient avec ses produits, et a gagn\u00e9 de nombreux clients actifs avec des produits de haute qualit\u00e9, des normes internationales, des prix comp\u00e9titifs et des d\u00e9lais de livraison. Ce succ\u00e8s a \u00e9t\u00e9 \u00e9tendu \u00e0 la r\u00e9gion MENA.<\/p>\n<ul>\n<li>Royaume d&#8217;Arabie Saoudite<\/li>\n<li>Soudan<\/li>\n<li>Libye<\/li>\n<li>Qatar<\/li>\n<li>Palestine<\/li>\n<li>Sultanat d&#8217;Oman<\/li>\n<li>Koweit<\/li>\n<li>\u00c9mirats arabes unis<\/li>\n<li>Maroc<\/li>\n<li>Tunisie<\/li>\n<li>Liban<\/li>\n<\/ul>\n<p><strong>Du c\u00f4t\u00e9 africain, nous avons eu une grande chance d\u2019exister dans les pays suivants<\/strong><\/p>\n<ul>\n<li>Tanzania (Dar es Salam, Zanzibar)<\/li>\n<li>Uganda<\/li>\n<li>Kenya<\/li>\n<li>Zambia<\/li>\n<li>Mauritania<\/li>\n<\/ul>\n<p><strong><span class=\"VIiyi\" lang=\"fr\"><span class=\"JLqJ4b ChMk0b\" data-language-for-alternatives=\"fr\" data-language-to-translate-into=\"en\" data-phrase-index=\"0\" data-number-of-phrases=\"3\"><span class=\"Q4iAWc\">Sur l&#8217;Asie<\/span><\/span><\/span><\/strong><\/p>\n<ul>\n<li><span class=\"VIiyi\" lang=\"fr\"><span class=\"JLqJ4b ChMk0b\" data-language-for-alternatives=\"fr\" data-language-to-translate-into=\"en\" data-phrase-index=\"2\" data-number-of-phrases=\"3\"><span class=\"Q4iAWc\">Singapour<\/span><\/span><\/span><\/li>\n<\/ul>\n<p>[\/vc_column_text][\/vc_column_inner][\/vc_row_inner][vc_row_inner][vc_column_inner]       \n      <div class=\"mo-title-box title-box-style2  text-center\"  ><h3>El-Nakheel vise \u00e0 \u00eatre...<\/h3><div class=\"content\">El-Nakheel vise \u00e0 \u00eatre une ic\u00f4ne efficace dans la fabrication de tuyaux d\u2019irrigation modernes dans le monde entier r\u00e9pondant aux exigences de l\u2019agriculture moderne pour atteindre la productivit\u00e9 la plus \u00e9lev\u00e9e par acre servant \u00e0 la fois l\u2019investisseur et l\u2019agriculteur.<\/div> <\/div>\n    [\/vc_column_inner][\/vc_row_inner][vc_row_inner el_class=&#8221;no-padding tablet_column_full&#8221;][vc_column_inner width=&#8221;1\/4&#8243; parallax_animation=&#8221;yes&#8221; scale_from_x=&#8221;1&#8243; scale_from_y=&#8221;1&#8243; scale_from_z=&#8221;1&#8243; from_opacity=&#8221;1&#8243; scale_to_x=&#8221;1&#8243; scale_to_y=&#8221;1&#8243; scale_to_z=&#8221;1&#8243; to_opacity=&#8221;1&#8243; translate_from_y=&#8221;41&#8243; translate_to_y=&#8221;-97&#8243;]\t<div class=\"image-box  image-box-style5\">\n          <div class=\"img-perspective2\" style=\"background-image: url('https:\/\/elnakheeldrip.com\/fr\/wp-content\/uploads\/2021\/05\/1-e1619127236483-1.jpg');\"><\/div>\n\t<div class=\"perspective-caption\">\n\t\t\t<\/div>\n\t<\/div>\n    [\/vc_column_inner][vc_column_inner width=&#8221;1\/4&#8243; parallax_animation=&#8221;yes&#8221; scale_from_x=&#8221;1&#8243; scale_from_y=&#8221;1&#8243; scale_from_z=&#8221;1&#8243; from_opacity=&#8221;1&#8243; scale_to_x=&#8221;1&#8243; scale_to_y=&#8221;1&#8243; scale_to_z=&#8221;1&#8243; to_opacity=&#8221;1&#8243; translate_from_y=&#8221;58&#8243; translate_to_y=&#8221;-122&#8243;]\t<div class=\"image-box  image-box-style5\">\n          <div class=\"img-perspective2\" style=\"background-image: url('https:\/\/elnakheeldrip.com\/fr\/wp-content\/uploads\/2021\/05\/2.jpg');\"><\/div>\n\t<div class=\"perspective-caption\">\n\t\t\t<\/div>\n\t<\/div>\n    [\/vc_column_inner][vc_column_inner width=&#8221;1\/4&#8243; parallax_animation=&#8221;yes&#8221; scale_from_x=&#8221;1&#8243; scale_from_y=&#8221;1&#8243; scale_from_z=&#8221;1&#8243; from_opacity=&#8221;1&#8243; scale_to_x=&#8221;1&#8243; scale_to_y=&#8221;1&#8243; scale_to_z=&#8221;1&#8243; to_opacity=&#8221;1&#8243; translate_from_y=&#8221;45&#8243; translate_to_y=&#8221;-80&#8243;]\t<div class=\"image-box  image-box-style5\">\n          <div class=\"img-perspective2\" style=\"background-image: url('https:\/\/elnakheeldrip.com\/fr\/wp-content\/uploads\/2021\/05\/31.jpg');\"><\/div>\n\t<div class=\"perspective-caption\">\n\t\t\t<\/div>\n\t<\/div>\n    [\/vc_column_inner][vc_column_inner width=&#8221;1\/4&#8243; parallax_animation=&#8221;yes&#8221; scale_from_x=&#8221;1&#8243; scale_from_y=&#8221;1&#8243; scale_from_z=&#8221;1&#8243; from_opacity=&#8221;1&#8243; scale_to_x=&#8221;1&#8243; scale_to_y=&#8221;1&#8243; scale_to_z=&#8221;1&#8243; to_opacity=&#8221;1&#8243; translate_from_y=&#8221;52&#8243; translate_to_y=&#8221;-126&#8243;]\t<div class=\"image-box  image-box-style5\">\n          <div class=\"img-perspective2\" style=\"background-image: url('https:\/\/elnakheeldrip.com\/fr\/wp-content\/uploads\/2021\/05\/41.jpg');\"><\/div>\n\t<div class=\"perspective-caption\">\n\t\t\t<\/div>\n\t<\/div>\n    [\/vc_column_inner][\/vc_row_inner][\/vc_column][\/vc_row][vc_row css=&#8221;.vc_custom_1571190424247{padding-top: 100px !important;padding-bottom: 100px !important;background-color: #f4f7fc !important;}&#8221;][vc_column]       \n      <div class=\"mo-title-box title-box-style2  text-center\"  ><h3>Rencontrer l\u2019\u00c9quipe<\/h3> <\/div>\n    [vc_row_inner el_class=&#8221;tablet_column_full&#8221;][vc_column_inner width=&#8221;1\/4&#8243;]\t<div class=\"mo-team tpl2 \">\n\t    <figure class=\"team-member\"> \n           <div class=\"team-img\"><img decoding=\"async\" src=\"https:\/\/elnakheeldrip.com\/fr\/wp-content\/uploads\/2020\/03\/Team-Image-Elsayed-Abd-Elmaaboud-copy.jpg\" alt=\"Elsayed Abdel Maaboud\"\/><\/div>\t\t   <div class=\"team-title\">\n\t\t\t   <h6>Pr\u00e9sident<\/h6>\t\t\t   <h5>Elsayed Abdel Maaboud<\/h5>\t\t   <\/div>\n\t\t   <div class=\"team-social social-icons style1\">\n\t\t\t  <a href=\"mailto:sayed.saad@elnakheeldrip.com\" target=\"_blank\" class=\"pinterest\"><span class=\"fa fa-envelope\"><\/span><\/a>\t\t <\/div>\n\t\t<\/figure>\n\t<\/div>\n\t[\/vc_column_inner][vc_column_inner width=&#8221;1\/4&#8243;]\t<div class=\"mo-team tpl2 \">\n\t    <figure class=\"team-member\"> \n           <div class=\"team-img\"><img decoding=\"async\" src=\"https:\/\/elnakheeldrip.com\/fr\/wp-content\/uploads\/2021\/05\/walid2.jpg\" alt=\"Walid Zeyada\"\/><\/div>\t\t   <div class=\"team-title\">\n\t\t\t   <h6>Responsable technique<\/h6>\t\t\t   <h5>Walid Zeyada<\/h5>\t\t   <\/div>\n\t\t   <div class=\"team-social social-icons style1\">\n\t\t\t  <a href=\"mailto:walid.zeyada@elnakheeldrip.com\" target=\"_blank\" class=\"pinterest\"><span class=\"fa fa-envelope\"><\/span><\/a>\t\t <\/div>\n\t\t<\/figure>\n\t<\/div>\n\t[\/vc_column_inner][vc_column_inner width=&#8221;1\/4&#8243;]\t<div class=\"mo-team tpl2 \">\n\t    <figure class=\"team-member\"> \n           <div class=\"team-img\"><img decoding=\"async\" src=\"https:\/\/elnakheeldrip.com\/fr\/wp-content\/uploads\/2022\/07\/Team-Image-Mohamed-AlShariff-3.jpg\" alt=\"Mohamed AlShariff\"\/><\/div>\t\t   <div class=\"team-title\">\n\t\t\t   <h6>Directeur Ex\u00e9cutif<\/h6>\t\t\t   <h5>Mohamed AlShariff<\/h5>\t\t   <\/div>\n\t\t   <div class=\"team-social social-icons style1\">\n\t\t\t  <a href=\"mailto:mohamed.alshariff@elnakheeldrip.com\" target=\"_blank\" class=\"pinterest\"><span class=\"fa fa-envelope\"><\/span><\/a>\t\t <\/div>\n\t\t<\/figure>\n\t<\/div>\n\t[\/vc_column_inner][vc_column_inner width=&#8221;1\/4&#8243;]\t<div class=\"mo-team tpl2 \">\n\t    <figure class=\"team-member\"> \n           <div class=\"team-img\"><img decoding=\"async\" src=\"https:\/\/elnakheeldrip.com\/fr\/wp-content\/uploads\/2020\/03\/Team-Image-mahmoud-Saad-2.jpg\" alt=\"Mahmoud Saad\"\/><\/div>\t\t   <div class=\"team-title\">\n\t\t\t   <h6>directeur des ventes<\/h6>\t\t\t   <h5>Mahmoud Saad<\/h5>\t\t   <\/div>\n\t\t   <div class=\"team-social social-icons style1\">\n\t\t\t  <a href=\"mailto:mahmoud.saad@elnakheeldrip.com\" target=\"_blank\" class=\"pinterest\"><span class=\"fa fa-envelope\"><\/span><\/a>\t\t <\/div>\n\t\t<\/figure>\n\t<\/div>\n\t[\/vc_column_inner][\/vc_row_inner][vc_row_inner][vc_column_inner]       \n      <div class=\"mo-title-box title-box-style2  text-center\"  ><h3>Certificats<\/h3> <\/div>\n    [vc_empty_space height=&#8221;35px&#8221;][\/vc_column_inner][\/vc_row_inner][vc_row_inner][vc_column_inner][vc_images_carousel images=&#8221;2202,2203,2253,2204,2205,2206&#8243; img_size=&#8221;large&#8221; slides_per_view=&#8221;6&#8243; hide_pagination_control=&#8221;yes&#8221; hide_prev_next_buttons=&#8221;yes&#8221; css=&#8221;.vc_custom_1658519179872{margin-left: 15% !important;}&#8221;][\/vc_column_inner][\/vc_row_inner][\/vc_column][\/vc_row]<\/p>\n<\/div>","protected":false},"excerpt":{"rendered":"<p>[vc_row parallax=&#8221;content-moving&#8221; parallax_image=&#8221;2260&#8243; content_animation=&#8221;yes&#8221; mo_init_scale_x=&#8221;1&#8243; mo_init_scale_y=&#8221;1&#8243; mo_init_scale_z=&#8221;1&#8243; mo_init_opacity=&#8221;0&#8243; mo_an_scale_x=&#8221;1&#8243; mo_an_scale_y=&#8221;1&#8243; mo_an_scale_z=&#8221;1&#8243; mo_an_opacity=&#8221;1&#8243; css=&#8221;.vc_custom_1658575958414{padding-top: 250px !important;padding-bottom: 250px !important;}&#8221; mo_init_translate_y=&#8221;135&#8243; mo_init_translate_z=&#8221;-80&#8243; mo_init_rotate_x=&#8221;-25&#8243;][vc_column][vc_empty_space height=&#8221;30px&#8221;][\/vc_column][\/vc_row][vc_row][vc_column css=&#8221;.vc_custom_1565278673466{margin-top: -120px !important;}&#8221;][vc_row_inner][vc_column_inner width=&#8221;1\/3&#8243;][\/vc_column_inner][vc_column_inner width=&#8221;1\/3&#8243;][\/vc_column_inner][vc_column_inner width=&#8221;1\/3&#8243;][\/vc_column_inner][\/vc_row_inner][\/vc_column][\/vc_row][vc_row css=&#8221;.vc_custom_1565367939158{padding-top: 100px !important;padding-bottom: 100px !important;}&#8221;][vc_column][vc_row_inner][vc_column_inner][vc_column_text]Aper\u00e7u La soci\u00e9t\u00e9 El-Nakheel a \u00e9t\u00e9 fond\u00e9e en 2011, tandis que l\u2019activit\u00e9 a commenc\u00e9 10 ans plus t\u00f4t, lorsque les fondateurs \u00e9tudiaient les \u00e9tapes [&hellip;]<\/p>\n","protected":false},"author":1,"featured_media":0,"parent":718,"menu_order":0,"comment_status":"closed","ping_status":"closed","template":"page-no-title-bar.php","meta":{"footnotes":""},"class_list":["post-720","page","type-page","status-publish","hentry"],"_links":{"self":[{"href":"https:\/\/elnakheeldrip.com\/fr\/wp-json\/wp\/v2\/pages\/720","targetHints":{"allow":["GET"]}}],"collection":[{"href":"https:\/\/elnakheeldrip.com\/fr\/wp-json\/wp\/v2\/pages"}],"about":[{"href":"https:\/\/elnakheeldrip.com\/fr\/wp-json\/wp\/v2\/types\/page"}],"author":[{"embeddable":true,"href":"https:\/\/elnakheeldrip.com\/fr\/wp-json\/wp\/v2\/users\/1"}],"replies":[{"embeddable":true,"href":"https:\/\/elnakheeldrip.com\/fr\/wp-json\/wp\/v2\/comments?post=720"}],"version-history":[{"count":36,"href":"https:\/\/elnakheeldrip.com\/fr\/wp-json\/wp\/v2\/pages\/720\/revisions"}],"predecessor-version":[{"id":2263,"href":"https:\/\/elnakheeldrip.com\/fr\/wp-json\/wp\/v2\/pages\/720\/revisions\/2263"}],"up":[{"embeddable":true,"href":"https:\/\/elnakheeldrip.com\/fr\/wp-json\/wp\/v2\/pages\/718"}],"wp:attachment":[{"href":"https:\/\/elnakheeldrip.com\/fr\/wp-json\/wp\/v2\/media?parent=720"}],"curies":[{"name":"wp","href":"https:\/\/api.w.org\/{rel}","templated":true}]}}