{"id":1968,"date":"2020-03-09T12:11:48","date_gmt":"2020-03-09T12:11:48","guid":{"rendered":"https:\/\/elnakheeldrip.com\/fr\/?page_id=1968"},"modified":"2021-05-30T21:34:35","modified_gmt":"2021-05-30T21:34:35","slug":"provides","status":"publish","type":"page","link":"https:\/\/elnakheeldrip.com\/fr\/provides\/","title":{"rendered":"Fournitures"},"content":{"rendered":"<div class=\"wpb-content-wrapper\"><p>[vc_row][vc_column][vc_row_inner][vc_column_inner][\/vc_column_inner][\/vc_row_inner][\/vc_column][\/vc_row][vc_row][vc_column][\/vc_column][\/vc_row][vc_row][vc_column][vc_column_text]&nbsp;<\/p>\n<p>El-Nakheel propose une vari\u00e9t\u00e9 de connecteurs, &#8220;16 mm&#8221;, accessoires n\u00e9cessaires \u00e0 l\u2019installation de r\u00e9seaux d\u2019irrigation agricole de qualit\u00e9 europ\u00e9enne pour assurer l\u2019efficacit\u00e9 des \u00e9quipements, la s\u00e9curit\u00e9 des r\u00e9seaux agricoles et l\u2019efficacit\u00e9 des processus d\u2019irrigation et de fertilisation.[\/vc_column_text][\/vc_column][\/vc_row][vc_row][vc_column][vc_column_text]<strong>Les raccords que nous fournissons pour les tuyaux plats\u00a0:<\/strong>[\/vc_column_text][\/vc_column][\/vc_row][vc_row][vc_column]\t\t<div class=\"mo-image-carousel-wrap   primary \">\n\t\t\t<div class=\"image-carousel\" data-col_lg=\"5\" data-col_md=\"4\" data-col_sm=\"3\" data-col_xs=\"1\" data-item_space=\"15\" data-loop=\"true\" data-autoplay=\"true\" data-smartspeed=\"500\" data-nav=\"true\" data-dots=\"false\">\n\t\t\t\t<img decoding=\"async\" src=\"https:\/\/elnakheeldrip.com\/fr\/wp-content\/uploads\/2021\/04\/9-1-1.png\" alt=\"image\"\/><img decoding=\"async\" src=\"https:\/\/elnakheeldrip.com\/fr\/wp-content\/uploads\/2021\/04\/9-31-1.png\" alt=\"image\"\/><img decoding=\"async\" src=\"https:\/\/elnakheeldrip.com\/fr\/wp-content\/uploads\/2021\/04\/9-4-150x150-1-150x150.png\" alt=\"image\"\/><img decoding=\"async\" src=\"https:\/\/elnakheeldrip.com\/fr\/wp-content\/uploads\/2021\/04\/9-2-1.png\" alt=\"image\"\/><img decoding=\"async\" src=\"https:\/\/elnakheeldrip.com\/fr\/wp-content\/uploads\/2021\/04\/\u0643\u0627\u0648\u062a\u0634\u0629-150x150-2-150x150.png\" alt=\"image\"\/>\t\t\t<\/div>\n\t\t<\/div>\n    [\/vc_column][\/vc_row][vc_row][vc_column][vc_column_text]<\/p>\n<div class=\"wpb_text_column wpb_content_element \">\n<div class=\"wpb_wrapper\">\n<p><strong>Les raccords que nous fournissons pour les tuyaux ronds\u00a0:<\/strong><\/p>\n<\/div>\n<\/div>\n<p>[\/vc_column_text][\/vc_column][\/vc_row][vc_row][vc_column]\t\t<div class=\"mo-image-carousel-wrap   primary \">\n\t\t\t<div class=\"image-carousel\" data-col_lg=\"5\" data-col_md=\"4\" data-col_sm=\"3\" data-col_xs=\"1\" data-item_space=\"15\" data-loop=\"true\" data-autoplay=\"true\" data-smartspeed=\"500\" data-nav=\"true\" data-dots=\"false\">\n\t\t\t\t<img decoding=\"async\" src=\"https:\/\/elnakheeldrip.com\/fr\/wp-content\/uploads\/2020\/02\/MG_0752-copy-102x150.png\" alt=\"image\"\/><img decoding=\"async\" src=\"https:\/\/elnakheeldrip.com\/fr\/wp-content\/uploads\/2020\/02\/MG_0750-copy-150x149.png\" alt=\"image\"\/><img decoding=\"async\" src=\"https:\/\/elnakheeldrip.com\/fr\/wp-content\/uploads\/2020\/02\/MG_0748-copy-150x150.png\" alt=\"image\"\/><img decoding=\"async\" src=\"https:\/\/elnakheeldrip.com\/fr\/wp-content\/uploads\/2020\/02\/MG_0745-copy-150x150.png\" alt=\"image\"\/><img decoding=\"async\" src=\"https:\/\/elnakheeldrip.com\/fr\/wp-content\/uploads\/2020\/02\/MG_0742-copy-150x150.png\" alt=\"image\"\/><img decoding=\"async\" src=\"https:\/\/elnakheeldrip.com\/fr\/wp-content\/uploads\/2020\/02\/MG_0741-copy-150x150.png\" alt=\"image\"\/><img decoding=\"async\" src=\"https:\/\/elnakheeldrip.com\/fr\/wp-content\/uploads\/2020\/02\/MG_0729-copy-150x150.png\" alt=\"image\"\/><img decoding=\"async\" src=\"https:\/\/elnakheeldrip.com\/fr\/wp-content\/uploads\/2020\/02\/MG_0725-copy-150x150.png\" alt=\"image\"\/><img decoding=\"async\" src=\"https:\/\/elnakheeldrip.com\/fr\/wp-content\/uploads\/2020\/02\/MG_0719-copy-150x150.png\" alt=\"image\"\/>\t\t\t<\/div>\n\t\t<\/div>\n    [\/vc_column][\/vc_row][vc_row][vc_column][vc_column_text]<strong>Les raccords que nous fournissons aux \u00e9metteurs externes\u00a0:<\/strong>[\/vc_column_text][\/vc_column][\/vc_row][vc_row][vc_column]\t\t<div class=\"mo-image-carousel-wrap   primary \">\n\t\t\t<div class=\"image-carousel\" data-col_lg=\"5\" data-col_md=\"4\" data-col_sm=\"3\" data-col_xs=\"1\" data-item_space=\"15\" data-loop=\"true\" data-autoplay=\"true\" data-smartspeed=\"500\" data-nav=\"true\" data-dots=\"false\">\n\t\t\t\t<img decoding=\"async\" src=\"https:\/\/elnakheeldrip.com\/fr\/wp-content\/uploads\/2020\/02\/MG_3097-150x150.png\" alt=\"image\"\/><img decoding=\"async\" src=\"https:\/\/elnakheeldrip.com\/fr\/wp-content\/uploads\/2020\/02\/MG_3096-150x150.png\" alt=\"image\"\/><img decoding=\"async\" src=\"https:\/\/elnakheeldrip.com\/fr\/wp-content\/uploads\/2020\/02\/MG_3095.png\" alt=\"image\"\/><img decoding=\"async\" src=\"https:\/\/elnakheeldrip.com\/fr\/wp-content\/uploads\/2020\/02\/MG_3094-150x150.png\" alt=\"image\"\/><img decoding=\"async\" src=\"https:\/\/elnakheeldrip.com\/fr\/wp-content\/uploads\/2020\/02\/MG_3093-150x150.png\" alt=\"image\"\/><img decoding=\"async\" src=\"https:\/\/elnakheeldrip.com\/fr\/wp-content\/uploads\/2020\/02\/MG_3092.png\" alt=\"image\"\/><img decoding=\"async\" src=\"https:\/\/elnakheeldrip.com\/fr\/wp-content\/uploads\/2020\/02\/MG_3091-150x150.png\" alt=\"image\"\/><img decoding=\"async\" src=\"https:\/\/elnakheeldrip.com\/fr\/wp-content\/uploads\/2020\/02\/MG_3098.png\" alt=\"image\"\/><img decoding=\"async\" src=\"https:\/\/elnakheeldrip.com\/fr\/wp-content\/uploads\/2020\/02\/MG_3099-150x150.png\" alt=\"image\"\/><img decoding=\"async\" src=\"https:\/\/elnakheeldrip.com\/fr\/wp-content\/uploads\/2020\/02\/MG_0777-150x150.png\" alt=\"image\"\/><img decoding=\"async\" src=\"https:\/\/elnakheeldrip.com\/fr\/wp-content\/uploads\/2020\/02\/MG_0778-150x150.png\" alt=\"image\"\/><img decoding=\"async\" src=\"https:\/\/elnakheeldrip.com\/fr\/wp-content\/uploads\/2020\/02\/MG_0780-150x150.png\" alt=\"image\"\/><img decoding=\"async\" src=\"https:\/\/elnakheeldrip.com\/fr\/wp-content\/uploads\/2020\/02\/MG_0794-150x150.png\" alt=\"image\"\/><img decoding=\"async\" src=\"https:\/\/elnakheeldrip.com\/fr\/wp-content\/uploads\/2020\/02\/MG_0774-150x150.png\" alt=\"image\"\/><img decoding=\"async\" src=\"https:\/\/elnakheeldrip.com\/fr\/wp-content\/uploads\/2020\/02\/MG_0772-150x150.png\" alt=\"image\"\/>\t\t\t<\/div>\n\t\t<\/div>\n    [\/vc_column][\/vc_row]<\/p>\n<\/div>","protected":false},"excerpt":{"rendered":"<p>[vc_row][vc_column][vc_row_inner][vc_column_inner][\/vc_column_inner][\/vc_row_inner][\/vc_column][\/vc_row][vc_row][vc_column][\/vc_column][\/vc_row][vc_row][vc_column][vc_column_text]&nbsp; El-Nakheel propose une vari\u00e9t\u00e9 de connecteurs, &#8220;16 mm&#8221;, accessoires n\u00e9cessaires \u00e0 l\u2019installation de r\u00e9seaux d\u2019irrigation agricole de qualit\u00e9 europ\u00e9enne pour assurer l\u2019efficacit\u00e9 des \u00e9quipements, la s\u00e9curit\u00e9 des r\u00e9seaux agricoles et l\u2019efficacit\u00e9 des processus d\u2019irrigation et de fertilisation.[\/vc_column_text][\/vc_column][\/vc_row][vc_row][vc_column][vc_column_text]Les raccords que nous fournissons pour les tuyaux plats\u00a0:[\/vc_column_text][\/vc_column][\/vc_row][vc_row][vc_column][\/vc_column][\/vc_row][vc_row][vc_column][vc_column_text] Les raccords que nous fournissons pour les tuyaux ronds\u00a0: [&hellip;]<\/p>\n","protected":false},"author":1,"featured_media":0,"parent":0,"menu_order":0,"comment_status":"closed","ping_status":"closed","template":"","meta":{"footnotes":""},"class_list":["post-1968","page","type-page","status-publish","hentry"],"_links":{"self":[{"href":"https:\/\/elnakheeldrip.com\/fr\/wp-json\/wp\/v2\/pages\/1968","targetHints":{"allow":["GET"]}}],"collection":[{"href":"https:\/\/elnakheeldrip.com\/fr\/wp-json\/wp\/v2\/pages"}],"about":[{"href":"https:\/\/elnakheeldrip.com\/fr\/wp-json\/wp\/v2\/types\/page"}],"author":[{"embeddable":true,"href":"https:\/\/elnakheeldrip.com\/fr\/wp-json\/wp\/v2\/users\/1"}],"replies":[{"embeddable":true,"href":"https:\/\/elnakheeldrip.com\/fr\/wp-json\/wp\/v2\/comments?post=1968"}],"version-history":[{"count":18,"href":"https:\/\/elnakheeldrip.com\/fr\/wp-json\/wp\/v2\/pages\/1968\/revisions"}],"predecessor-version":[{"id":2153,"href":"https:\/\/elnakheeldrip.com\/fr\/wp-json\/wp\/v2\/pages\/1968\/revisions\/2153"}],"wp:attachment":[{"href":"https:\/\/elnakheeldrip.com\/fr\/wp-json\/wp\/v2\/media?parent=1968"}],"curies":[{"name":"wp","href":"https:\/\/api.w.org\/{rel}","templated":true}]}}