{"id":1963,"date":"2020-03-09T11:57:26","date_gmt":"2020-03-09T11:57:26","guid":{"rendered":"https:\/\/elnakheeldrip.com\/fr\/?page_id=1963"},"modified":"2021-05-30T21:33:06","modified_gmt":"2021-05-30T21:33:06","slug":"round-fittings","status":"publish","type":"page","link":"https:\/\/elnakheeldrip.com\/fr\/round-fittings\/","title":{"rendered":"Raccords Ronds"},"content":{"rendered":"<div class=\"wpb-content-wrapper\"><p>[vc_row][vc_column][vc_row_inner][vc_column_inner][\/vc_column_inner][\/vc_row_inner][\/vc_column][\/vc_row][vc_row][vc_column][\/vc_column][\/vc_row][vc_row][vc_column][vc_column_text]&nbsp;<\/p>\n<p>El-Nakheel offre une vari\u00e9t\u00e9 de connecteurs, \u00ab\u00a016 mm\u00a0\u00bb, qui sont n\u00e9cessaires pour installer des r\u00e9seaux d\u2019irrigation agricole de qualit\u00e9 europ\u00e9enne afin d\u2019assurer l\u2019efficacit\u00e9 des \u00e9quipements, la s\u00e9curit\u00e9 des r\u00e9seaux agricoles, l\u2019irrigation et l\u2019efficacit\u00e9 des processus de fertilisation.[\/vc_column_text][vc_column_text]<strong>Les pi\u00e8ces que nous fournissons pour les tuyaux ronds\u00a0:<\/strong>[\/vc_column_text][\/vc_column][\/vc_row][vc_row][vc_column]\t\t<div class=\"mo-image-carousel-wrap   primary \">\n\t\t\t<div class=\"image-carousel\" data-col_lg=\"5\" data-col_md=\"4\" data-col_sm=\"3\" data-col_xs=\"1\" data-item_space=\"15\" data-loop=\"true\" data-autoplay=\"true\" data-smartspeed=\"500\" data-nav=\"true\" data-dots=\"false\">\n\t\t\t\t<img decoding=\"async\" src=\"https:\/\/elnakheeldrip.com\/fr\/wp-content\/uploads\/2020\/02\/MG_0786-copy-150x150.png\" alt=\"image\"\/><img decoding=\"async\" src=\"https:\/\/elnakheeldrip.com\/fr\/wp-content\/uploads\/2020\/02\/MG_0768-copy-150x150.png\" alt=\"image\"\/><img decoding=\"async\" src=\"https:\/\/elnakheeldrip.com\/fr\/wp-content\/uploads\/2020\/02\/MG_0752-copy-102x150.png\" alt=\"image\"\/><img decoding=\"async\" src=\"https:\/\/elnakheeldrip.com\/fr\/wp-content\/uploads\/2020\/02\/MG_0750-copy-150x149.png\" alt=\"image\"\/><img decoding=\"async\" src=\"https:\/\/elnakheeldrip.com\/fr\/wp-content\/uploads\/2020\/02\/MG_0748-copy-150x150.png\" alt=\"image\"\/><img decoding=\"async\" src=\"https:\/\/elnakheeldrip.com\/fr\/wp-content\/uploads\/2020\/02\/MG_0745-copy-150x150.png\" alt=\"image\"\/><img decoding=\"async\" src=\"https:\/\/elnakheeldrip.com\/fr\/wp-content\/uploads\/2020\/02\/MG_0742-copy-150x150.png\" alt=\"image\"\/><img decoding=\"async\" src=\"https:\/\/elnakheeldrip.com\/fr\/wp-content\/uploads\/2020\/02\/MG_0741-copy-150x150.png\" alt=\"image\"\/><img decoding=\"async\" src=\"https:\/\/elnakheeldrip.com\/fr\/wp-content\/uploads\/2020\/02\/MG_0729-copy-150x150.png\" alt=\"image\"\/><img decoding=\"async\" src=\"https:\/\/elnakheeldrip.com\/fr\/wp-content\/uploads\/2020\/02\/MG_0725-copy-150x150.png\" alt=\"image\"\/><img decoding=\"async\" src=\"https:\/\/elnakheeldrip.com\/fr\/wp-content\/uploads\/2020\/02\/MG_0719-copy-150x150.png\" alt=\"image\"\/>\t\t\t<\/div>\n\t\t<\/div>\n    [\/vc_column][\/vc_row][vc_row][vc_column][\/vc_column][\/vc_row][vc_row][vc_column][\/vc_column][\/vc_row]<\/p>\n<\/div>","protected":false},"excerpt":{"rendered":"<p>[vc_row][vc_column][vc_row_inner][vc_column_inner][\/vc_column_inner][\/vc_row_inner][\/vc_column][\/vc_row][vc_row][vc_column][\/vc_column][\/vc_row][vc_row][vc_column][vc_column_text]&nbsp; El-Nakheel offre une vari\u00e9t\u00e9 de connecteurs, \u00ab\u00a016 mm\u00a0\u00bb, qui sont n\u00e9cessaires pour installer des r\u00e9seaux d\u2019irrigation agricole de qualit\u00e9 europ\u00e9enne afin d\u2019assurer l\u2019efficacit\u00e9 des \u00e9quipements, la s\u00e9curit\u00e9 des r\u00e9seaux agricoles, l\u2019irrigation et l\u2019efficacit\u00e9 des processus de fertilisation.[\/vc_column_text][vc_column_text]Les pi\u00e8ces que nous fournissons pour les tuyaux ronds\u00a0:[\/vc_column_text][\/vc_column][\/vc_row][vc_row][vc_column][\/vc_column][\/vc_row][vc_row][vc_column][\/vc_column][\/vc_row][vc_row][vc_column][\/vc_column][\/vc_row]<\/p>\n","protected":false},"author":1,"featured_media":0,"parent":0,"menu_order":0,"comment_status":"closed","ping_status":"closed","template":"","meta":{"footnotes":""},"class_list":["post-1963","page","type-page","status-publish","hentry"],"_links":{"self":[{"href":"https:\/\/elnakheeldrip.com\/fr\/wp-json\/wp\/v2\/pages\/1963","targetHints":{"allow":["GET"]}}],"collection":[{"href":"https:\/\/elnakheeldrip.com\/fr\/wp-json\/wp\/v2\/pages"}],"about":[{"href":"https:\/\/elnakheeldrip.com\/fr\/wp-json\/wp\/v2\/types\/page"}],"author":[{"embeddable":true,"href":"https:\/\/elnakheeldrip.com\/fr\/wp-json\/wp\/v2\/users\/1"}],"replies":[{"embeddable":true,"href":"https:\/\/elnakheeldrip.com\/fr\/wp-json\/wp\/v2\/comments?post=1963"}],"version-history":[{"count":8,"href":"https:\/\/elnakheeldrip.com\/fr\/wp-json\/wp\/v2\/pages\/1963\/revisions"}],"predecessor-version":[{"id":2117,"href":"https:\/\/elnakheeldrip.com\/fr\/wp-json\/wp\/v2\/pages\/1963\/revisions\/2117"}],"wp:attachment":[{"href":"https:\/\/elnakheeldrip.com\/fr\/wp-json\/wp\/v2\/media?parent=1963"}],"curies":[{"name":"wp","href":"https:\/\/api.w.org\/{rel}","templated":true}]}}