{"id":1717,"date":"2020-02-03T22:11:34","date_gmt":"2020-02-03T22:11:34","guid":{"rendered":"https:\/\/demo.elnakheeldrip.com\/?page_id=1717"},"modified":"2022-07-23T12:05:44","modified_gmt":"2022-07-23T12:05:44","slug":"flat-fittings","status":"publish","type":"page","link":"https:\/\/elnakheeldrip.com\/fr\/flat-fittings\/","title":{"rendered":"Raccords Plats"},"content":{"rendered":"<div class=\"wpb-content-wrapper\"><p>[vc_row][vc_column][vc_row_inner][vc_column_inner][\/vc_column_inner][\/vc_row_inner][\/vc_column][\/vc_row][vc_row][vc_column][\/vc_column][\/vc_row][vc_row][vc_column][vc_column_text]<\/p>\n<p>El-Nakheel propose une vari\u00e9t\u00e9 de connecteurs, \u00ab\u00a016 mm\u00a0\u00bb, n\u00e9cessaires \u00e0 l\u2019installation de r\u00e9seaux d\u2019irrigation agricole de qualit\u00e9 europ\u00e9enne pour assurer l\u2019efficacit\u00e9 des \u00e9quipements, la s\u00e9curit\u00e9 des r\u00e9seaux agricoles, l\u2019irrigation et l\u2019efficacit\u00e9 des processus de fertilisation.[\/vc_column_text][\/vc_column][\/vc_row][vc_row][vc_column][vc_column_text]<strong>Les pi\u00e8ces que nous fournissons pour les tuyaux plats\u00a0:<\/strong>[\/vc_column_text][\/vc_column][\/vc_row][vc_row][vc_column]\t\t<div class=\"mo-image-carousel-wrap   primary \">\n\t\t\t<div class=\"image-carousel\" data-col_lg=\"5\" data-col_md=\"4\" data-col_sm=\"3\" data-col_xs=\"1\" data-item_space=\"15\" data-loop=\"true\" data-autoplay=\"true\" data-smartspeed=\"500\" data-nav=\"true\" data-dots=\"false\">\n\t\t\t\t<img decoding=\"async\" src=\"https:\/\/elnakheeldrip.com\/fr\/wp-content\/uploads\/2021\/04\/9-1.png\" alt=\"image\"\/><img decoding=\"async\" src=\"https:\/\/elnakheeldrip.com\/fr\/wp-content\/uploads\/2021\/04\/9-2.png\" alt=\"image\"\/><img decoding=\"async\" src=\"https:\/\/elnakheeldrip.com\/fr\/wp-content\/uploads\/2021\/04\/9-31.png\" alt=\"image\"\/><img decoding=\"async\" src=\"https:\/\/elnakheeldrip.com\/fr\/wp-content\/uploads\/2021\/04\/9-4-150x150.png\" alt=\"image\"\/><img decoding=\"async\" src=\"https:\/\/elnakheeldrip.com\/fr\/wp-content\/uploads\/2021\/04\/\u0643\u0627\u0648\u062a\u0634\u0629-150x150-1-150x150.png\" alt=\"image\"\/><img decoding=\"async\" src=\"https:\/\/elnakheeldrip.com\/fr\/wp-content\/uploads\/2022\/07\/Flat-Accessories-ElNakheel-Drip-1-150x150.png\" alt=\"image\"\/>\t\t\t<\/div>\n\t\t<\/div>\n    [\/vc_column][\/vc_row]<\/p>\n<\/div>","protected":false},"excerpt":{"rendered":"<p>[vc_row][vc_column][vc_row_inner][vc_column_inner][\/vc_column_inner][\/vc_row_inner][\/vc_column][\/vc_row][vc_row][vc_column][\/vc_column][\/vc_row][vc_row][vc_column][vc_column_text] El-Nakheel propose une vari\u00e9t\u00e9 de connecteurs, \u00ab\u00a016 mm\u00a0\u00bb, n\u00e9cessaires \u00e0 l\u2019installation de r\u00e9seaux d\u2019irrigation agricole de qualit\u00e9 europ\u00e9enne pour assurer l\u2019efficacit\u00e9 des \u00e9quipements, la s\u00e9curit\u00e9 des r\u00e9seaux agricoles, l\u2019irrigation et l\u2019efficacit\u00e9 des processus de fertilisation.[\/vc_column_text][\/vc_column][\/vc_row][vc_row][vc_column][vc_column_text]Les pi\u00e8ces que nous fournissons pour les tuyaux plats\u00a0:[\/vc_column_text][\/vc_column][\/vc_row][vc_row][vc_column][\/vc_column][\/vc_row]<\/p>\n","protected":false},"author":1,"featured_media":0,"parent":0,"menu_order":0,"comment_status":"closed","ping_status":"closed","template":"","meta":{"footnotes":""},"class_list":["post-1717","page","type-page","status-publish","hentry"],"_links":{"self":[{"href":"https:\/\/elnakheeldrip.com\/fr\/wp-json\/wp\/v2\/pages\/1717","targetHints":{"allow":["GET"]}}],"collection":[{"href":"https:\/\/elnakheeldrip.com\/fr\/wp-json\/wp\/v2\/pages"}],"about":[{"href":"https:\/\/elnakheeldrip.com\/fr\/wp-json\/wp\/v2\/types\/page"}],"author":[{"embeddable":true,"href":"https:\/\/elnakheeldrip.com\/fr\/wp-json\/wp\/v2\/users\/1"}],"replies":[{"embeddable":true,"href":"https:\/\/elnakheeldrip.com\/fr\/wp-json\/wp\/v2\/comments?post=1717"}],"version-history":[{"count":9,"href":"https:\/\/elnakheeldrip.com\/fr\/wp-json\/wp\/v2\/pages\/1717\/revisions"}],"predecessor-version":[{"id":2266,"href":"https:\/\/elnakheeldrip.com\/fr\/wp-json\/wp\/v2\/pages\/1717\/revisions\/2266"}],"wp:attachment":[{"href":"https:\/\/elnakheeldrip.com\/fr\/wp-json\/wp\/v2\/media?parent=1717"}],"curies":[{"name":"wp","href":"https:\/\/api.w.org\/{rel}","templated":true}]}}