{"id":1690,"date":"2020-02-03T21:49:27","date_gmt":"2020-02-03T21:49:27","guid":{"rendered":"https:\/\/demo.elnakheeldrip.com\/?page_id=1690"},"modified":"2021-06-18T22:42:37","modified_gmt":"2021-06-18T22:42:37","slug":"flat-irrigation-hoses","status":"publish","type":"page","link":"https:\/\/elnakheeldrip.com\/fr\/flat-irrigation-hoses\/","title":{"rendered":"Irrigation Plate"},"content":{"rendered":"<div class=\"wpb-content-wrapper\"><p>[vc_row][vc_column][vc_row_inner][vc_column_inner][\/vc_column_inner][\/vc_row_inner][\/vc_column][\/vc_row][vc_row][vc_column][\/vc_column][\/vc_row][vc_row][vc_column][vc_column_text]<\/p>\n<p><strong>El-Nakheel Flat Hoses:<\/strong><\/p>\n<p>Dans le cadre de notre succ\u00e8s dans le domaine de l\u2019irrigation moderne, El-Nakheel pr\u00e9sente des tuyaux d\u2019irrigation plate. El-Nakheel est le seul fabricant de tuyaux d\u2019irrigation plats en Egypte fabriqu\u00e9s par des mains \u00e9gyptiennes. En outre, la premi\u00e8re entreprise \u00e0 introduire des tuyaux plats sur le march\u00e9 local en utilisant les derni\u00e8res technologies dans l\u2019irrigation moderne.<\/p>\n<p>Cette \u00e9tape est venue apr\u00e8s une \u00e9tude qui a dur\u00e9 plus de 5 ans apr\u00e8s plusieurs visites externes aux plus grands fabricants de tuyaux plats en Chine, en Inde et en Europe. La d\u00e9cision a \u00e9t\u00e9 finalement \u00a0prise de coop\u00e9rer avec l\u2019un des plus importants fabricants europ\u00e9ens.<\/p>\n<p><strong>Avantages des tuyaux plats El-Nakheel:<\/strong><\/p>\n<ol>\n<li>Pression de travail (1 bar) jusqu\u2019\u00e0 (3 bar) en fonction de l\u2019\u00e9paisseur de la paroi o\u00f9 le diam\u00e8tre des tuyaux plats varie (16,18,22 mm) et l\u2019\u00e9paisseur (0,15 mm \u00e0 0.50 mm).<\/li>\n<li>Convient \u00e0 l\u2019irrigation de toutes les cultures agricoles.<\/li>\n<li>Convient \u00e0 l\u2019irrigation goutte \u00e0 goutte en surface et sous la surface<\/li>\n<li>Distance entre les goutteurs (10 cm \u00e0 100 cm), \u00ab\u00a0d\u2019autres sp\u00e9cifications sp\u00e9ciales sont disponibles\u00a0\u00bb<\/li>\n<li>Les tuyaux plats El-Nakheel pourraient \u00eatre pos\u00e9s sur presque deux fois la longueur des tuyaux ronds, ce qui entra\u00eene une abondance de sous-lignes, r\u00e9duisant ainsi le co\u00fbt total du r\u00e9seau d\u2019irrigation.<\/li>\n<li>\u00c9conomie de 20\u00a0% du co\u00fbt de la main-d\u2019\u0153uvre et du temps requis pour installer le r\u00e9seau d\u2019irrigation \u00e0 la surface.<\/li>\n<li>Conception novatrice de goutteurs \u00e0 grande vitesse pour maintenir les particules en suspension et r\u00e9duire le risque de colmatage.<\/li>\n<li>Les tuyaux plats roul\u00e9s sont faciles \u00e0 installer manuellement ou m\u00e9caniquement.<\/li>\n<li>D\u00e9bits disponibles (1,6 \u2013 2.2 \u2013 3.5) LPH.<\/li>\n<\/ol>\n<p>Vient ensuite l\u2019\u00e9tape suivante qui est \u00ab\u00a0S\u00e9lection des goutteurs int\u00e9rieurs\u00a0\u00bb. Apr\u00e8s m\u00fbre r\u00e9flexion, il a \u00e9t\u00e9 convenu de produire les goutteurs int\u00e9rieurs, c\u2019est pourquoi El-Nakheel garantit la qualit\u00e9 et l\u2019efficacit\u00e9 du nouveau produit \u00ab\u00a0Tuyaux plats\u00a0\u00bb, qui est fabriqu\u00e9 par les machines les plus r\u00e9centes et contient la technologie r\u00e9cente des goutteurs.<\/p>\n<p><strong>Avantages des goutteurs int\u00e9rieurs pour les tuyaux plats<\/strong><\/p>\n<ol>\n<li>Rentabilit\u00e9 \u00e9conomiques et taille compactes<\/li>\n<li>Excellente uniformit\u00e9 du filtre CV &lt; 3 %<\/li>\n<li>Grand labyrinthe turbulent pour une r\u00e9sistance sup\u00e9rieure au colmatage.<\/li>\n<li>Fabriqu\u00e9 en poly\u00e9thyl\u00e8ne vierge pour r\u00e9sister aux UV et aux dommages caus\u00e9s par les produits chimiques et les engrais couramment utilis\u00e9s.<\/li>\n<li>Con\u00e7u pour les tuyaux \u00e0 parois minces et \u00e9paisses de 0.15 mm \u00e0 1.2 mm (6 ml \u00e0 47 mm).<\/li>\n<li>Id\u00e9al pour les applications multi-saison.<\/li>\n<\/ol>\n<p>[\/vc_column_text][\/vc_column][\/vc_row]<\/p>\n<\/div>","protected":false},"excerpt":{"rendered":"<p>[vc_row][vc_column][vc_row_inner][vc_column_inner][\/vc_column_inner][\/vc_row_inner][\/vc_column][\/vc_row][vc_row][vc_column][\/vc_column][\/vc_row][vc_row][vc_column][vc_column_text] El-Nakheel Flat Hoses: Dans le cadre de notre succ\u00e8s dans le domaine de l\u2019irrigation moderne, El-Nakheel pr\u00e9sente des tuyaux d\u2019irrigation plate. El-Nakheel est le seul fabricant de tuyaux d\u2019irrigation plats en Egypte fabriqu\u00e9s par des mains \u00e9gyptiennes. En outre, la premi\u00e8re entreprise \u00e0 introduire des tuyaux plats sur le march\u00e9 local en utilisant les [&hellip;]<\/p>\n","protected":false},"author":1,"featured_media":0,"parent":0,"menu_order":0,"comment_status":"closed","ping_status":"closed","template":"","meta":{"footnotes":""},"class_list":["post-1690","page","type-page","status-publish","hentry"],"_links":{"self":[{"href":"https:\/\/elnakheeldrip.com\/fr\/wp-json\/wp\/v2\/pages\/1690","targetHints":{"allow":["GET"]}}],"collection":[{"href":"https:\/\/elnakheeldrip.com\/fr\/wp-json\/wp\/v2\/pages"}],"about":[{"href":"https:\/\/elnakheeldrip.com\/fr\/wp-json\/wp\/v2\/types\/page"}],"author":[{"embeddable":true,"href":"https:\/\/elnakheeldrip.com\/fr\/wp-json\/wp\/v2\/users\/1"}],"replies":[{"embeddable":true,"href":"https:\/\/elnakheeldrip.com\/fr\/wp-json\/wp\/v2\/comments?post=1690"}],"version-history":[{"count":12,"href":"https:\/\/elnakheeldrip.com\/fr\/wp-json\/wp\/v2\/pages\/1690\/revisions"}],"predecessor-version":[{"id":2245,"href":"https:\/\/elnakheeldrip.com\/fr\/wp-json\/wp\/v2\/pages\/1690\/revisions\/2245"}],"wp:attachment":[{"href":"https:\/\/elnakheeldrip.com\/fr\/wp-json\/wp\/v2\/media?parent=1690"}],"curies":[{"name":"wp","href":"https:\/\/api.w.org\/{rel}","templated":true}]}}