{"id":1687,"date":"2020-02-03T21:44:33","date_gmt":"2020-02-03T21:44:33","guid":{"rendered":"https:\/\/demo.elnakheeldrip.com\/?page_id=1687"},"modified":"2021-04-05T16:39:41","modified_gmt":"2021-04-05T16:39:41","slug":"blank-irrigation-hoses","status":"publish","type":"page","link":"https:\/\/elnakheeldrip.com\/fr\/blank-irrigation-hoses\/","title":{"rendered":"Irrigation Blank"},"content":{"rendered":"<div class=\"wpb-content-wrapper\"><p>[vc_row][vc_column][vc_row_inner][vc_column_inner][\/vc_column_inner][\/vc_row_inner][\/vc_column][\/vc_row][vc_row][vc_column][\/vc_column][\/vc_row][vc_row][vc_column][vc_column_text]&nbsp;<\/p>\n<p><strong>Tuyaux d\u2019Irrigation blank<\/strong><\/p>\n<p>(Tuyaux Blank NKHL) sont fabriqu\u00e9s avec un diam\u00e8tre diff\u00e9rent \u00e0 partir de 16 mm \u00e0 32 mm.<\/p>\n<p><strong>Irrigation des arbres (tuyaux circulaires)<\/strong><\/p>\n<p>El-Nakheel fournit des tuyaux d\u00e9finis par les arbres qui tiennent compte de nombreuses variables telles que le type d\u2019arbre, le taux de croissance, les d\u00e9bits d\u2019eau \u00e0 diff\u00e9rents stades de croissance et d\u2019autres exigences efficaces en mati\u00e8re d\u2019arboriculture.[\/vc_column_text][\/vc_column][\/vc_row]<\/p>\n<\/div>","protected":false},"excerpt":{"rendered":"<p>[vc_row][vc_column][vc_row_inner][vc_column_inner][\/vc_column_inner][\/vc_row_inner][\/vc_column][\/vc_row][vc_row][vc_column][\/vc_column][\/vc_row][vc_row][vc_column][vc_column_text]&nbsp; Tuyaux d\u2019Irrigation blank (Tuyaux Blank NKHL) sont fabriqu\u00e9s avec un diam\u00e8tre diff\u00e9rent \u00e0 partir de 16 mm \u00e0 32 mm. Irrigation des arbres (tuyaux circulaires) El-Nakheel fournit des tuyaux d\u00e9finis par les arbres qui tiennent compte de nombreuses variables telles que le type d\u2019arbre, le taux de croissance, les d\u00e9bits d\u2019eau \u00e0 diff\u00e9rents stades [&hellip;]<\/p>\n","protected":false},"author":1,"featured_media":0,"parent":0,"menu_order":0,"comment_status":"closed","ping_status":"closed","template":"","meta":{"footnotes":""},"class_list":["post-1687","page","type-page","status-publish","hentry"],"_links":{"self":[{"href":"https:\/\/elnakheeldrip.com\/fr\/wp-json\/wp\/v2\/pages\/1687","targetHints":{"allow":["GET"]}}],"collection":[{"href":"https:\/\/elnakheeldrip.com\/fr\/wp-json\/wp\/v2\/pages"}],"about":[{"href":"https:\/\/elnakheeldrip.com\/fr\/wp-json\/wp\/v2\/types\/page"}],"author":[{"embeddable":true,"href":"https:\/\/elnakheeldrip.com\/fr\/wp-json\/wp\/v2\/users\/1"}],"replies":[{"embeddable":true,"href":"https:\/\/elnakheeldrip.com\/fr\/wp-json\/wp\/v2\/comments?post=1687"}],"version-history":[{"count":2,"href":"https:\/\/elnakheeldrip.com\/fr\/wp-json\/wp\/v2\/pages\/1687\/revisions"}],"predecessor-version":[{"id":2111,"href":"https:\/\/elnakheeldrip.com\/fr\/wp-json\/wp\/v2\/pages\/1687\/revisions\/2111"}],"wp:attachment":[{"href":"https:\/\/elnakheeldrip.com\/fr\/wp-json\/wp\/v2\/media?parent=1687"}],"curies":[{"name":"wp","href":"https:\/\/api.w.org\/{rel}","templated":true}]}}