{"id":1658,"date":"2020-02-03T21:04:16","date_gmt":"2020-02-03T21:04:16","guid":{"rendered":"http:\/\/demo.elnakheeldrip.com\/?page_id=1658"},"modified":"2021-04-24T22:13:55","modified_gmt":"2021-04-24T22:13:55","slug":"round-irrigation-hoses","status":"publish","type":"page","link":"https:\/\/elnakheeldrip.com\/fr\/round-irrigation-hoses\/","title":{"rendered":"Irrigation Ronde"},"content":{"rendered":"<div class=\"wpb-content-wrapper\"><p>[vc_row][vc_column][vc_row_inner][vc_column_inner][\/vc_column_inner][\/vc_row_inner][\/vc_column][\/vc_row][vc_row][vc_column][\/vc_column][\/vc_row][vc_row][vc_column][vc_column_text]&nbsp;<\/p>\n<p><strong>Sp\u00e9cifications techniques des tuyaux ronds El-Nakheel\u00a0: ( NON PC)<\/strong><\/p>\n<p>Les tuyaux El-Nakheel sont en poly\u00e9thyl\u00e8ne basse densit\u00e9 lin\u00e9aire pour augmenter la dur\u00e9e de vie autant que la dur\u00e9e de garantie. Les tuyaux El-Nakheel correspondent aux normes de la soci\u00e9t\u00e9 Am\u00e9ricain de l&#8217;Association Internationale pour les Essais et les Mat\u00e9riaux \u00ab PE 14 Classe C comme d\u00e9crit dans ASTM 1248 \u00bb et sont \u00e9galement approuv\u00e9s par le Conseil de l&#8217;industrie pour la technologie et l&#8217;innovation \u00abConseil gouvernemental \u00bb et a obtenu les r\u00e9sultats suivants :<\/p>\n<ol>\n<li>Les tuyaux El-Nakheel sont trait\u00e9s chimiquement, anti-ultraviolet, r\u00e9sistants aux acides, alcalis et corrosifs.<\/li>\n<li>L\u2019\u00e9paisseur commence \u00e0 1 mm \u00e0 1,2 mm (des sp\u00e9cifications sp\u00e9ciales d\u2019\u00e9paisseur sont disponibles sur demande). La rondeur et l\u2019\u00e9paisseur sont constantes \u00e0 travers le tuyau. Nos tuyaux ont r\u00e9ussi l\u2019essai de dimensions (diam\u00e8tre ext\u00e9rieur, \u00e9paisseur) \u00e9galement l\u2019essai de r\u00e9version longitudinale (changement longitudinal pour le tuyau).<\/li>\n<li>Pression de travail de 1 bar \u00e0 4 bars.<\/li>\n<li>Carbone noir \u2265 2,5 %.<\/li>\n<li>Les tuyaux El-Nakheel ont subi d\u2019autres essais tels que des essais m\u00e9caniques (rupture sous tension, rupture d\u2019allongement), le pourcentage de remplissage, la pression d\u2019\u00e9clatement, la fissuration sous contrainte environnementale (fissures, examen de surface).<\/li>\n<li>Convient aux palmiers, aux fruits, aux cultures et au paysage.<\/li>\n<li>Garantie de 5, 7 et 10 ans.<\/li>\n<\/ol>\n<p><strong>Prosp\u00e9rit\u00e9 des goutteurs ronds internes d\u2019El-Nakheel\u00a0:<\/strong><\/p>\n<p>Les goutteurs ronds internes sont fabriqu\u00e9s dans l\u2019usine El-Nakheel avec des d\u00e9bits diff\u00e9rents avec diff\u00e9rents standards (am\u00e9ricain et europ\u00e9en) qui sont caract\u00e9ris\u00e9s par:<\/p>\n<ol>\n<li>Produit avec diff\u00e9rents d\u00e9bits (2, 4, 6, 8) LPH.<\/li>\n<li>Fabriqu\u00e9 en poly\u00e9thyl\u00e8ne haute densit\u00e9 (H.D.P.E).<\/li>\n<li>Con\u00e7u en forme d\u2019enroulement pour r\u00e9duire les pr\u00e9cipitations qui emp\u00eachent le blocage \u00e0 l\u2019int\u00e9rieur du goutteur d\u2019am\u00e9liorer l\u2019efficacit\u00e9 du r\u00e9seau d\u2019irrigation et de le prot\u00e9ger du processus de fertilisation.<\/li>\n<\/ol>\n<p>Haute r\u00e9sistance pour diff\u00e9rentes pressions et diff\u00e9rents facteurs m\u00e9t\u00e9orologiques (poussi\u00e8re, vent, humidit\u00e9 du sol) et diff\u00e9rentes temp\u00e9ratures de \u2013 0 \u00b0C \u00e0 50 \u00b0C.<\/p>\n<p><strong>Les caract\u00e9ristiques les plus importantes des tuyaux (NKHL-PC) :<\/strong><\/p>\n<ol>\n<li>Assure un d\u00e9bit d\u2019eau constant tant que le tuyau fonctionne au sol.<\/li>\n<li>Les goutteurs de PC sont engag\u00e9s dans une action de traitement de l\u2019eau auto-rin\u00e7ant qui assure la propret\u00e9 de l\u2019eau \u00e0 partir des impuret\u00e9s. D\u2019autre part, il contient une vanne en caoutchouc pour maintenir le d\u00e9bit requis en cas de variation de pression.<\/li>\n<li>Tr\u00e8s utile pour la culture de terrains instables ou inclin\u00e9s.<\/li>\n<li>Le \u00ab coefficient de variation \u00bb du CV est inf\u00e9rieur \u00e0 0,01.<\/li>\n<\/ol>\n<p>[\/vc_column_text][\/vc_column][\/vc_row]<\/p>\n<\/div>","protected":false},"excerpt":{"rendered":"<p>[vc_row][vc_column][vc_row_inner][vc_column_inner][\/vc_column_inner][\/vc_row_inner][\/vc_column][\/vc_row][vc_row][vc_column][\/vc_column][\/vc_row][vc_row][vc_column][vc_column_text]&nbsp; Sp\u00e9cifications techniques des tuyaux ronds El-Nakheel\u00a0: ( NON PC) Les tuyaux El-Nakheel sont en poly\u00e9thyl\u00e8ne basse densit\u00e9 lin\u00e9aire pour augmenter la dur\u00e9e de vie autant que la dur\u00e9e de garantie. Les tuyaux El-Nakheel correspondent aux normes de la soci\u00e9t\u00e9 Am\u00e9ricain de l&#8217;Association Internationale pour les Essais et les Mat\u00e9riaux \u00ab PE 14 Classe C [&hellip;]<\/p>\n","protected":false},"author":1,"featured_media":0,"parent":0,"menu_order":0,"comment_status":"closed","ping_status":"closed","template":"","meta":{"footnotes":""},"class_list":["post-1658","page","type-page","status-publish","hentry"],"_links":{"self":[{"href":"https:\/\/elnakheeldrip.com\/fr\/wp-json\/wp\/v2\/pages\/1658","targetHints":{"allow":["GET"]}}],"collection":[{"href":"https:\/\/elnakheeldrip.com\/fr\/wp-json\/wp\/v2\/pages"}],"about":[{"href":"https:\/\/elnakheeldrip.com\/fr\/wp-json\/wp\/v2\/types\/page"}],"author":[{"embeddable":true,"href":"https:\/\/elnakheeldrip.com\/fr\/wp-json\/wp\/v2\/users\/1"}],"replies":[{"embeddable":true,"href":"https:\/\/elnakheeldrip.com\/fr\/wp-json\/wp\/v2\/comments?post=1658"}],"version-history":[{"count":6,"href":"https:\/\/elnakheeldrip.com\/fr\/wp-json\/wp\/v2\/pages\/1658\/revisions"}],"predecessor-version":[{"id":2143,"href":"https:\/\/elnakheeldrip.com\/fr\/wp-json\/wp\/v2\/pages\/1658\/revisions\/2143"}],"wp:attachment":[{"href":"https:\/\/elnakheeldrip.com\/fr\/wp-json\/wp\/v2\/media?parent=1658"}],"curies":[{"name":"wp","href":"https:\/\/api.w.org\/{rel}","templated":true}]}}