{"id":720,"date":"2019-10-16T00:57:51","date_gmt":"2019-10-16T00:57:51","guid":{"rendered":"http:\/\/motivoweb.com\/ruya\/demo\/?page_id=720"},"modified":"2022-07-23T11:41:43","modified_gmt":"2022-07-23T11:41:43","slug":"about-classic","status":"publish","type":"page","link":"https:\/\/elnakheeldrip.com\/es\/pages\/about-classic\/","title":{"rendered":"About classic"},"content":{"rendered":"<div class=\"wpb-content-wrapper\"><p>[vc_row parallax=\u00bbcontent-moving\u00bb parallax_image=\u00bb2386&#8243; content_animation=\u00bbyes\u00bb mo_init_scale_x=\u00bb1&#8243; mo_init_scale_y=\u00bb1&#8243; mo_init_scale_z=\u00bb1&#8243; mo_init_opacity=\u00bb0&#8243; mo_an_scale_x=\u00bb1&#8243; mo_an_scale_y=\u00bb1&#8243; mo_an_scale_z=\u00bb1&#8243; mo_an_opacity=\u00bb1&#8243; css=\u00bb.vc_custom_1658575973709{padding-top: 250px !important;padding-bottom: 250px !important;}\u00bb mo_init_translate_y=\u00bb135&#8243; mo_init_translate_z=\u00bb-80&#8243; mo_init_rotate_x=\u00bb-25&#8243;][vc_column]\t\t<div class=\"mo-video-fancybox \">\n\t\t\t<a class=\"lightbox-video video-button gradient dir_center\" href=\"https:\/\/youtu.be\/zyUaGWrqR7g\"><i class=\"fa fa-play\"><\/i><\/a>\t\t<\/div>\n    [vc_empty_space height=\u00bb30px\u00bb]<div class=\"fancy_heading\"style=\"color:#ffffff; font-size:36px; line-height:42px; text-align:center;  font-weight:700;  \"><h3 > La empresa El-Nakheel ofrece una variedad de productos de alta calidad de acuerdo<\/h3>        \n       \t\n\t\t\n\t<\/div>\n    <div class=\"fancy_heading\"style=\"color:#ffffff; font-size:36px; line-height:42px; text-align:center;  font-weight:700;  \"><h3 > con los est\u00e1ndares internacionales y especificaciones universales<\/h3>        \n       \t\n\t\t\n\t<\/div>\n    [\/vc_column][\/vc_row][vc_row][vc_column css=\u00bb.vc_custom_1565278673466{margin-top: -120px !important;}\u00bb][vc_row_inner][vc_column_inner width=\u00bb1\/3&#8243;]\t\t<div class=\"service iconbox  icon-box-style8\" >\n\t\t    \t\t  <div class=\"title-wrap\">\n\t\t\t   <h6>Tuber\u00edas de Riego Plana<\/h6>\t\t\t   <a class=\"button btn-txt btn-txt-arrow dark hr_primary\"  href=\"https:\/\/elnakheeldrip.com\/es\/flat-irrigation-hoses\/\" target=\"_self\">Read More<span class=\"button-arrow\"><span class=\"button-icon\"><\/span><\/span><\/a>          <\/div>\n\t\t<\/div>\n        <div class=\"clearfix\"><\/div>\n    [\/vc_column_inner][vc_column_inner width=\u00bb1\/3&#8243;]\t\t<div class=\"service iconbox  icon-box-style8\" >\n\t\t    \t\t  <div class=\"title-wrap\">\n\t\t\t   <h6>Tuber\u00edas de Riego Redondas<\/h6>\t\t\t   <a class=\"button btn-txt btn-txt-arrow dark hr_primary\"  href=\"https:\/\/elnakheeldrip.com\/es\/round-irrigation-hoses\/\" target=\"_self\">Read More<span class=\"button-arrow\"><span class=\"button-icon\"><\/span><\/span><\/a>          <\/div>\n\t\t<\/div>\n        <div class=\"clearfix\"><\/div>\n    [\/vc_column_inner][vc_column_inner width=\u00bb1\/3&#8243;]\t\t<div class=\"service iconbox  icon-box-style8\" >\n\t\t    \t\t  <div class=\"title-wrap\">\n\t\t\t   <h6>Suministros<\/h6>\t\t\t   <a class=\"button btn-txt btn-txt-arrow dark hr_primary\"  href=\"https:\/\/elnakheeldrip.com\/es\/provides\/\" target=\"_self\">Read More<span class=\"button-arrow\"><span class=\"button-icon\"><\/span><\/span><\/a>          <\/div>\n\t\t<\/div>\n        <div class=\"clearfix\"><\/div>\n    [\/vc_column_inner][\/vc_row_inner][\/vc_column][\/vc_row][vc_row css=\u00bb.vc_custom_1565367939158{padding-top: 100px !important;padding-bottom: 100px !important;}\u00bb][vc_column][vc_row_inner][vc_column_inner][vc_column_text]<strong>Vista Previa<\/strong><\/p>\n<p>La empresa El-Nakheel fue fundada en 2011, aunque la actividad comenz\u00f3 10 a\u00f1os antes, cuando los fundadores estudiaban las etapas de desarrollo de la fabricaci\u00f3n de tuber\u00edas en todo el mundo.<\/p>\n<p>El-Nakheel aspira a ser un icono eficaz en la fabricaci\u00f3n de tuber\u00edas de riego modernas en todo el mundo que responden a las exigencias de la agricultura moderna para alcanzar la productividad m\u00e1s alta por acre que sirve tanto al inversor como al agricultor.<\/p>\n<p>No hay duda de que el verdadero \u00e9xito de cualquier organizaci\u00f3n se basa en los recursos humanos, por lo que la colaboraci\u00f3n entre las secciones de la empresa a trav\u00e9s de los jefes de servicio &#8211; producci\u00f3n, supervisi\u00f3n, mantenimiento y ventas &#8211; mejor\u00f3 y ajust\u00f3 el rendimiento y la eficiencia de nuestro personal.<\/p>\n<p>Adem\u00e1s, era necesario para El-Nakheel mantener canales de comunicaci\u00f3n entre todo el personal y la administraci\u00f3n para tener \u00e9xito, por lo que nos hemos convertido en una f\u00e1brica l\u00edder en el mercado.<\/p>\n<p><strong>Visi\u00f3n<\/strong><\/p>\n<p>El riego por goteo se est\u00e1 convirtiendo en el m\u00e9todo m\u00e1s \u00fatil y econ\u00f3mico de la agricultura moderna. Es por eso que la visi\u00f3n de El-Nakheel se basa en la econom\u00eda de cada gota para unirse a la causa de la econom\u00eda de los recursos naturales trabajando en estrecha colaboraci\u00f3n con nuestros socios para construir confianza, el respeto y el valor a\u00f1adido de las empresas para convertirse en una de las principales empresas industriales en todo el mundo con un alto cuidado de la acci\u00f3n humanitaria.<\/p>\n<p><strong>Misi\u00f3n<\/strong><\/p>\n<p>Nuestra misi\u00f3n es construir un nuevo concepto en la comprensi\u00f3n de las necesidades del cliente, permiti\u00e9ndole aumentar su productividad por unidad al mejor precio competitivo, de alta calidad y entregas espec\u00edficas a tiempo para lograr una verdadera satisfacci\u00f3n del cliente, lo que nos da una posici\u00f3n avanzada en el mercado local y mundial.<\/p>\n<p><strong>Historial de la exportaci\u00f3n<\/strong><\/p>\n<p>El-Nakheel ha logrado invadir el mercado de Oriente Medio con sus productos, y ha ganado muchos clientes activos con productos de alta calidad, est\u00e1ndares internacionales, precios competitivos y plazos de entrega. Este \u00e9xito se ha extendido a la regi\u00f3n MENA.<\/p>\n<ul>\n<li>Reino de Arabia Saudita<\/li>\n<li>Sud\u00e1n<\/li>\n<li>Libia<\/li>\n<li>Qatar<\/li>\n<li>Palestina<\/li>\n<li>Sultanato de Om\u00e1n<\/li>\n<li>Kuwait<\/li>\n<li>UAE<\/li>\n<li>Marruecos<\/li>\n<li>T\u00fanez<\/li>\n<li>L\u00edbano<\/li>\n<\/ul>\n<p><strong>Del lado africano, tuvimos una gran oportunidad de existir en los siguientes pa\u00edses:<\/strong><\/p>\n<ul>\n<li>Tanzania (Dar essalam &amp; Zanz\u00edbar)<\/li>\n<li>Uganda<\/li>\n<li>Kenya<\/li>\n<li>Zambia<\/li>\n<li>Mauritania<\/li>\n<\/ul>\n<p><strong><span class=\"VIiyi\" lang=\"es\"><span class=\"JLqJ4b ChMk0b\" data-language-for-alternatives=\"es\" data-language-to-translate-into=\"en\" data-phrase-index=\"0\" data-number-of-phrases=\"3\"><span class=\"Q4iAWc\">En el asia<\/span><\/span><\/span><\/strong><\/p>\n<ul>\n<li><span class=\"VIiyi\" lang=\"es\"><span class=\"JLqJ4b ChMk0b\" data-language-for-alternatives=\"es\" data-language-to-translate-into=\"en\" data-phrase-index=\"2\" data-number-of-phrases=\"3\"><span class=\"Q4iAWc\">Singapur<\/span><\/span><\/span><\/li>\n<\/ul>\n<p>[\/vc_column_text][\/vc_column_inner][\/vc_row_inner][vc_row_inner][vc_column_inner]       \n      <div class=\"mo-title-box title-box-style2  text-center\"  ><h3>El-Nakheel aspira a ser...<\/h3><div class=\"content\">El-Nakheel aspira a ser un icono eficaz en la fabricaci\u00f3n de tuber\u00edas de riego modernas en todo el mundo que responden a las exigencias de la agricultura moderna para alcanzar la productividad m\u00e1s alta por acre que sirve tanto al inversor como al agricultor.<\/div> <\/div>\n    [\/vc_column_inner][\/vc_row_inner][vc_row_inner el_class=\u00bbno-padding tablet_column_full\u00bb][vc_column_inner width=\u00bb1\/4&#8243; parallax_animation=\u00bbyes\u00bb scale_from_x=\u00bb1&#8243; scale_from_y=\u00bb1&#8243; scale_from_z=\u00bb1&#8243; from_opacity=\u00bb1&#8243; scale_to_x=\u00bb1&#8243; scale_to_y=\u00bb1&#8243; scale_to_z=\u00bb1&#8243; to_opacity=\u00bb1&#8243; translate_from_y=\u00bb41&#8243; translate_to_y=\u00bb-97&#8243;]\t<div class=\"image-box  image-box-style5\">\n          <div class=\"img-perspective2\" style=\"background-image: url('https:\/\/elnakheeldrip.com\/es\/wp-content\/uploads\/2021\/04\/1-e1619127236483-1.jpg');\"><\/div>\n\t<div class=\"perspective-caption\">\n\t\t\t<\/div>\n\t<\/div>\n    [\/vc_column_inner][vc_column_inner width=\u00bb1\/4&#8243; parallax_animation=\u00bbyes\u00bb scale_from_x=\u00bb1&#8243; scale_from_y=\u00bb1&#8243; scale_from_z=\u00bb1&#8243; from_opacity=\u00bb1&#8243; scale_to_x=\u00bb1&#8243; scale_to_y=\u00bb1&#8243; scale_to_z=\u00bb1&#8243; to_opacity=\u00bb1&#8243; translate_from_y=\u00bb58&#8243; translate_to_y=\u00bb-122&#8243;]\t<div class=\"image-box  image-box-style5\">\n          <div class=\"img-perspective2\" style=\"background-image: url('https:\/\/elnakheeldrip.com\/es\/wp-content\/uploads\/2021\/04\/2.jpg');\"><\/div>\n\t<div class=\"perspective-caption\">\n\t\t\t<\/div>\n\t<\/div>\n    [\/vc_column_inner][vc_column_inner width=\u00bb1\/4&#8243; parallax_animation=\u00bbyes\u00bb scale_from_x=\u00bb1&#8243; scale_from_y=\u00bb1&#8243; scale_from_z=\u00bb1&#8243; from_opacity=\u00bb1&#8243; scale_to_x=\u00bb1&#8243; scale_to_y=\u00bb1&#8243; scale_to_z=\u00bb1&#8243; to_opacity=\u00bb1&#8243; translate_from_y=\u00bb45&#8243; translate_to_y=\u00bb-80&#8243;]\t<div class=\"image-box  image-box-style5\">\n          <div class=\"img-perspective2\" style=\"background-image: url('https:\/\/elnakheeldrip.com\/es\/wp-content\/uploads\/2021\/05\/31.jpg');\"><\/div>\n\t<div class=\"perspective-caption\">\n\t\t\t<\/div>\n\t<\/div>\n    [\/vc_column_inner][vc_column_inner width=\u00bb1\/4&#8243; parallax_animation=\u00bbyes\u00bb scale_from_x=\u00bb1&#8243; scale_from_y=\u00bb1&#8243; scale_from_z=\u00bb1&#8243; from_opacity=\u00bb1&#8243; scale_to_x=\u00bb1&#8243; scale_to_y=\u00bb1&#8243; scale_to_z=\u00bb1&#8243; to_opacity=\u00bb1&#8243; translate_from_y=\u00bb52&#8243; translate_to_y=\u00bb-126&#8243;]\t<div class=\"image-box  image-box-style5\">\n          <div class=\"img-perspective2\" style=\"background-image: url('https:\/\/elnakheeldrip.com\/es\/wp-content\/uploads\/2021\/05\/41.jpg');\"><\/div>\n\t<div class=\"perspective-caption\">\n\t\t\t<\/div>\n\t<\/div>\n    [\/vc_column_inner][\/vc_row_inner][\/vc_column][\/vc_row][vc_row css=\u00bb.vc_custom_1571190424247{padding-top: 100px !important;padding-bottom: 100px !important;background-color: #f4f7fc !important;}\u00bb][vc_column]       \n      <div class=\"mo-title-box title-box-style2  text-center\"  ><h3>Conocer al Equipo<\/h3><div class=\"content\">Nos gusta lo que hacemos y lo hacemos con pasi\u00f3n. Apreciamos la experimentaci\u00f3n, la reforma del mensaje y los incentivos inteligentes.<\/div> <\/div>\n    [vc_row_inner el_class=\u00bbtablet_column_full\u00bb][vc_column_inner width=\u00bb1\/4&#8243;]\t<div class=\"mo-team tpl2 \">\n\t    <figure class=\"team-member\"> \n           <div class=\"team-img\"><img decoding=\"async\" src=\"https:\/\/elnakheeldrip.com\/es\/wp-content\/uploads\/2021\/04\/haj-sayed-1-1.jpg\" alt=\"Elsayed Abdel Maaboud\"\/><\/div>\t\t   <div class=\"team-title\">\n\t\t\t   <h6>Presidente<\/h6>\t\t\t   <h5>Elsayed Abdel Maaboud<\/h5>\t\t   <\/div>\n\t\t   <div class=\"team-social social-icons style1\">\n\t\t\t  <a href=\"mailto:sayed.saad@elnakheeldrip.com\" target=\"_blank\" class=\"pinterest\"><span class=\"fa fa-envelope\"><\/span><\/a>\t\t <\/div>\n\t\t<\/figure>\n\t<\/div>\n\t[\/vc_column_inner][vc_column_inner width=\u00bb1\/4&#8243;]\t<div class=\"mo-team tpl2 \">\n\t    <figure class=\"team-member\"> \n           <div class=\"team-img\"><img decoding=\"async\" src=\"https:\/\/elnakheeldrip.com\/es\/wp-content\/uploads\/2021\/05\/walid2.jpg\" alt=\"Walid Zeyada\"\/><\/div>\t\t   <div class=\"team-title\">\n\t\t\t   <h6>Responsable t\u00e9cnico<\/h6>\t\t\t   <h5>Walid Zeyada<\/h5>\t\t   <\/div>\n\t\t   <div class=\"team-social social-icons style1\">\n\t\t\t  <a href=\"mailto:walid.zeyada@elnakheeldrip.com\" target=\"_blank\" class=\"pinterest\"><span class=\"fa fa-envelope\"><\/span><\/a>\t\t <\/div>\n\t\t<\/figure>\n\t<\/div>\n\t[\/vc_column_inner][vc_column_inner width=\u00bb1\/4&#8243;]\t<div class=\"mo-team tpl2 \">\n\t    <figure class=\"team-member\"> \n           <div class=\"team-img\"><img decoding=\"async\" src=\"https:\/\/elnakheeldrip.com\/es\/wp-content\/uploads\/2022\/07\/Team-Image-Mohamed-AlShariff-3.jpg\" alt=\"Mohamed AlShariff\"\/><\/div>\t\t   <div class=\"team-title\">\n\t\t\t   <h6>Director ejecutivo<\/h6>\t\t\t   <h5>Mohamed AlShariff<\/h5>\t\t   <\/div>\n\t\t   <div class=\"team-social social-icons style1\">\n\t\t\t  <a href=\"mailto:mohamed.alshariff@elnakheeldrip.com\" target=\"_blank\" class=\"pinterest\"><span class=\"fa fa-envelope\"><\/span><\/a>\t\t <\/div>\n\t\t<\/figure>\n\t<\/div>\n\t[\/vc_column_inner][vc_column_inner width=\u00bb1\/4&#8243;]\t<div class=\"mo-team tpl2 \">\n\t    <figure class=\"team-member\"> \n           <div class=\"team-img\"><img decoding=\"async\" src=\"https:\/\/elnakheeldrip.com\/es\/wp-content\/uploads\/2020\/03\/Team-Image-mahmoud-Saad-2.jpg\" alt=\"Mahmoud Saad\"\/><\/div>\t\t   <div class=\"team-title\">\n\t\t\t   <h6>Director de ventas<\/h6>\t\t\t   <h5>Mahmoud Saad<\/h5>\t\t   <\/div>\n\t\t   <div class=\"team-social social-icons style1\">\n\t\t\t  <a href=\"mailto:mahmoud.saad@elnakheeldrip.com\" target=\"_blank\" class=\"pinterest\"><span class=\"fa fa-envelope\"><\/span><\/a>\t\t <\/div>\n\t\t<\/figure>\n\t<\/div>\n\t[\/vc_column_inner][\/vc_row_inner][\/vc_column][\/vc_row][vc_row css=\u00bb.vc_custom_1571190424247{padding-top: 100px !important;padding-bottom: 100px !important;background-color: #f4f7fc !important;}\u00bb][vc_column]       \n      <div class=\"mo-title-box title-box-style2  text-center\"  ><h3>Certificados<\/h3> <\/div>\n    [vc_empty_space][vc_images_carousel images=\u00bb2249,2248,2378,2259,2257,2256&#8243; img_size=\u00bblarge\u00bb slides_per_view=\u00bb6&#8243; hide_pagination_control=\u00bbyes\u00bb hide_prev_next_buttons=\u00bbyes\u00bb][\/vc_column][\/vc_row]<\/p>\n<\/div>","protected":false},"excerpt":{"rendered":"<p>[vc_row parallax=\u00bbcontent-moving\u00bb parallax_image=\u00bb2386&#8243; content_animation=\u00bbyes\u00bb mo_init_scale_x=\u00bb1&#8243; mo_init_scale_y=\u00bb1&#8243; mo_init_scale_z=\u00bb1&#8243; mo_init_opacity=\u00bb0&#8243; mo_an_scale_x=\u00bb1&#8243; mo_an_scale_y=\u00bb1&#8243; mo_an_scale_z=\u00bb1&#8243; mo_an_opacity=\u00bb1&#8243; css=\u00bb.vc_custom_1658575973709{padding-top: 250px !important;padding-bottom: 250px !important;}\u00bb mo_init_translate_y=\u00bb135&#8243; mo_init_translate_z=\u00bb-80&#8243; mo_init_rotate_x=\u00bb-25&#8243;][vc_column][vc_empty_space height=\u00bb30px\u00bb][\/vc_column][\/vc_row][vc_row][vc_column css=\u00bb.vc_custom_1565278673466{margin-top: -120px !important;}\u00bb][vc_row_inner][vc_column_inner width=\u00bb1\/3&#8243;][\/vc_column_inner][vc_column_inner width=\u00bb1\/3&#8243;][\/vc_column_inner][vc_column_inner width=\u00bb1\/3&#8243;][\/vc_column_inner][\/vc_row_inner][\/vc_column][\/vc_row][vc_row css=\u00bb.vc_custom_1565367939158{padding-top: 100px !important;padding-bottom: 100px !important;}\u00bb][vc_column][vc_row_inner][vc_column_inner][vc_column_text]Vista Previa La empresa El-Nakheel fue fundada en 2011, aunque la actividad comenz\u00f3 10 a\u00f1os antes, cuando los fundadores estudiaban las etapas de desarrollo [&hellip;]<\/p>\n","protected":false},"author":1,"featured_media":0,"parent":718,"menu_order":0,"comment_status":"closed","ping_status":"closed","template":"page-no-title-bar.php","meta":{"footnotes":""},"class_list":["post-720","page","type-page","status-publish","hentry"],"_links":{"self":[{"href":"https:\/\/elnakheeldrip.com\/es\/wp-json\/wp\/v2\/pages\/720","targetHints":{"allow":["GET"]}}],"collection":[{"href":"https:\/\/elnakheeldrip.com\/es\/wp-json\/wp\/v2\/pages"}],"about":[{"href":"https:\/\/elnakheeldrip.com\/es\/wp-json\/wp\/v2\/types\/page"}],"author":[{"embeddable":true,"href":"https:\/\/elnakheeldrip.com\/es\/wp-json\/wp\/v2\/users\/1"}],"replies":[{"embeddable":true,"href":"https:\/\/elnakheeldrip.com\/es\/wp-json\/wp\/v2\/comments?post=720"}],"version-history":[{"count":58,"href":"https:\/\/elnakheeldrip.com\/es\/wp-json\/wp\/v2\/pages\/720\/revisions"}],"predecessor-version":[{"id":2389,"href":"https:\/\/elnakheeldrip.com\/es\/wp-json\/wp\/v2\/pages\/720\/revisions\/2389"}],"up":[{"embeddable":true,"href":"https:\/\/elnakheeldrip.com\/es\/wp-json\/wp\/v2\/pages\/718"}],"wp:attachment":[{"href":"https:\/\/elnakheeldrip.com\/es\/wp-json\/wp\/v2\/media?parent=720"}],"curies":[{"name":"wp","href":"https:\/\/api.w.org\/{rel}","templated":true}]}}