{"id":1968,"date":"2020-03-09T12:11:48","date_gmt":"2020-03-09T12:11:48","guid":{"rendered":"https:\/\/elnakheeldrip.com\/?page_id=1968"},"modified":"2021-06-05T11:49:02","modified_gmt":"2021-06-05T11:49:02","slug":"provides","status":"publish","type":"page","link":"https:\/\/elnakheeldrip.com\/es\/provides\/","title":{"rendered":"Supplies"},"content":{"rendered":"<div class=\"wpb-content-wrapper\"><p>[vc_row][vc_column][vc_row_inner][vc_column_inner][\/vc_column_inner][\/vc_row_inner][\/vc_column][\/vc_row][vc_row][vc_column][\/vc_column][\/vc_row][vc_row][vc_column][vc_column_text]&nbsp;<\/p>\n<p>El-Nakheel propone una variedad de conectores, \u00ab16 mm\u00bb, accesorios necesarios para la instalaci\u00f3n de redes de riego agr\u00edcola de calidad europea para garantizar la eficacia de los equipos, la seguridad de las redes agr\u00edcolas y la eficacia de los procesos de riego y de fertilizaci\u00f3n.[\/vc_column_text][\/vc_column][\/vc_row][vc_row][vc_column][vc_column_text]<strong>Los accesorios que suministramos para tuber\u00edas planas:<\/strong>[\/vc_column_text][\/vc_column][\/vc_row][vc_row][vc_column]\t\t<div class=\"mo-image-carousel-wrap   primary \">\n\t\t\t<div class=\"image-carousel\" data-col_lg=\"5\" data-col_md=\"4\" data-col_sm=\"3\" data-col_xs=\"1\" data-item_space=\"15\" data-loop=\"true\" data-autoplay=\"true\" data-smartspeed=\"500\" data-nav=\"true\" data-dots=\"false\">\n\t\t\t\t<img decoding=\"async\" src=\"https:\/\/elnakheeldrip.com\/es\/wp-content\/uploads\/2021\/04\/9-4-150x150.png\" alt=\"image\"\/><img decoding=\"async\" src=\"https:\/\/elnakheeldrip.com\/es\/wp-content\/uploads\/2021\/04\/9-31.png\" alt=\"image\"\/><img decoding=\"async\" src=\"https:\/\/elnakheeldrip.com\/es\/wp-content\/uploads\/2021\/04\/9-2.png\" alt=\"image\"\/><img decoding=\"async\" src=\"https:\/\/elnakheeldrip.com\/es\/wp-content\/uploads\/2021\/04\/9-1.png\" alt=\"image\"\/><img decoding=\"async\" src=\"https:\/\/elnakheeldrip.com\/es\/wp-content\/uploads\/2021\/04\/\u0643\u0627\u0648\u062a\u0634\u0629-150x150.png\" alt=\"image\"\/>\t\t\t<\/div>\n\t\t<\/div>\n    [\/vc_column][\/vc_row][vc_row][vc_column][vc_column_text]<\/p>\n<div class=\"wpb_text_column wpb_content_element \">\n<div class=\"wpb_wrapper\">\n<p><strong>Los accesorios que suministramos para tuber\u00edas redondas:<\/strong><\/p>\n<\/div>\n<\/div>\n<p>[\/vc_column_text][\/vc_column][\/vc_row][vc_row][vc_column]\t\t<div class=\"mo-image-carousel-wrap   primary \">\n\t\t\t<div class=\"image-carousel\" data-col_lg=\"5\" data-col_md=\"4\" data-col_sm=\"3\" data-col_xs=\"1\" data-item_space=\"15\" data-loop=\"true\" data-autoplay=\"true\" data-smartspeed=\"500\" data-nav=\"true\" data-dots=\"false\">\n\t\t\t\t<img decoding=\"async\" src=\"https:\/\/elnakheeldrip.com\/es\/wp-content\/uploads\/2020\/02\/MG_0752-copy-102x150.png\" alt=\"image\"\/><img decoding=\"async\" src=\"https:\/\/elnakheeldrip.com\/es\/wp-content\/uploads\/2020\/02\/MG_0750-copy-150x149.png\" alt=\"image\"\/><img decoding=\"async\" src=\"https:\/\/elnakheeldrip.com\/es\/wp-content\/uploads\/2020\/02\/MG_0748-copy-150x150.png\" alt=\"image\"\/><img decoding=\"async\" src=\"https:\/\/elnakheeldrip.com\/es\/wp-content\/uploads\/2020\/02\/MG_0745-copy-150x150.png\" alt=\"image\"\/><img decoding=\"async\" src=\"https:\/\/elnakheeldrip.com\/es\/wp-content\/uploads\/2020\/02\/MG_0742-copy-150x150.png\" alt=\"image\"\/><img decoding=\"async\" src=\"https:\/\/elnakheeldrip.com\/es\/wp-content\/uploads\/2020\/02\/MG_0741-copy-150x150.png\" alt=\"image\"\/><img decoding=\"async\" src=\"https:\/\/elnakheeldrip.com\/es\/wp-content\/uploads\/2020\/02\/MG_0729-copy-150x150.png\" alt=\"image\"\/><img decoding=\"async\" src=\"https:\/\/elnakheeldrip.com\/es\/wp-content\/uploads\/2020\/02\/MG_0725-copy-150x150.png\" alt=\"image\"\/><img decoding=\"async\" src=\"https:\/\/elnakheeldrip.com\/es\/wp-content\/uploads\/2020\/02\/MG_0719-copy-150x150.png\" alt=\"image\"\/>\t\t\t<\/div>\n\t\t<\/div>\n    [\/vc_column][\/vc_row][vc_row][vc_column][vc_column_text]<strong>Las conexiones que suministramos a los emisores externos:<\/strong>[\/vc_column_text][\/vc_column][\/vc_row][vc_row][vc_column]\t\t<div class=\"mo-image-carousel-wrap   primary \">\n\t\t\t<div class=\"image-carousel\" data-col_lg=\"5\" data-col_md=\"4\" data-col_sm=\"3\" data-col_xs=\"1\" data-item_space=\"15\" data-loop=\"true\" data-autoplay=\"true\" data-smartspeed=\"500\" data-nav=\"true\" data-dots=\"false\">\n\t\t\t\t<img decoding=\"async\" src=\"https:\/\/elnakheeldrip.com\/es\/wp-content\/uploads\/2020\/02\/MG_3097-150x150.png\" alt=\"image\"\/><img decoding=\"async\" src=\"https:\/\/elnakheeldrip.com\/es\/wp-content\/uploads\/2020\/02\/MG_3096-150x150.png\" alt=\"image\"\/><img decoding=\"async\" src=\"https:\/\/elnakheeldrip.com\/es\/wp-content\/uploads\/2020\/02\/MG_3095.png\" alt=\"image\"\/><img decoding=\"async\" src=\"https:\/\/elnakheeldrip.com\/es\/wp-content\/uploads\/2020\/02\/MG_3094-150x150.png\" alt=\"image\"\/><img decoding=\"async\" src=\"https:\/\/elnakheeldrip.com\/es\/wp-content\/uploads\/2020\/02\/MG_3093-150x150.png\" alt=\"image\"\/><img decoding=\"async\" src=\"https:\/\/elnakheeldrip.com\/es\/wp-content\/uploads\/2020\/02\/MG_3092.png\" alt=\"image\"\/><img decoding=\"async\" src=\"https:\/\/elnakheeldrip.com\/es\/wp-content\/uploads\/2020\/02\/MG_3091-150x150.png\" alt=\"image\"\/><img decoding=\"async\" src=\"https:\/\/elnakheeldrip.com\/es\/wp-content\/uploads\/2020\/02\/MG_3098.png\" alt=\"image\"\/><img decoding=\"async\" src=\"https:\/\/elnakheeldrip.com\/es\/wp-content\/uploads\/2020\/02\/MG_3099-150x150.png\" alt=\"image\"\/><img decoding=\"async\" src=\"https:\/\/elnakheeldrip.com\/es\/wp-content\/uploads\/2020\/02\/MG_0777-150x150.png\" alt=\"image\"\/><img decoding=\"async\" src=\"https:\/\/elnakheeldrip.com\/es\/wp-content\/uploads\/2020\/02\/MG_0778-150x150.png\" alt=\"image\"\/><img decoding=\"async\" src=\"https:\/\/elnakheeldrip.com\/es\/wp-content\/uploads\/2020\/02\/MG_0780-150x150.png\" alt=\"image\"\/><img decoding=\"async\" src=\"https:\/\/elnakheeldrip.com\/es\/wp-content\/uploads\/2020\/02\/MG_0794-150x150.png\" alt=\"image\"\/><img decoding=\"async\" src=\"https:\/\/elnakheeldrip.com\/es\/wp-content\/uploads\/2020\/02\/MG_0774-150x150.png\" alt=\"image\"\/><img decoding=\"async\" src=\"https:\/\/elnakheeldrip.com\/es\/wp-content\/uploads\/2020\/02\/MG_0772-150x150.png\" alt=\"image\"\/>\t\t\t<\/div>\n\t\t<\/div>\n    [\/vc_column][\/vc_row]<\/p>\n<\/div>","protected":false},"excerpt":{"rendered":"<p>[vc_row][vc_column][vc_row_inner][vc_column_inner][\/vc_column_inner][\/vc_row_inner][\/vc_column][\/vc_row][vc_row][vc_column][\/vc_column][\/vc_row][vc_row][vc_column][vc_column_text]&nbsp; El-Nakheel propone una variedad de conectores, \u00ab16 mm\u00bb, accesorios necesarios para la instalaci\u00f3n de redes de riego agr\u00edcola de calidad europea para garantizar la eficacia de los equipos, la seguridad de las redes agr\u00edcolas y la eficacia de los procesos de riego y de fertilizaci\u00f3n.[\/vc_column_text][\/vc_column][\/vc_row][vc_row][vc_column][vc_column_text]Los accesorios que suministramos para tuber\u00edas planas:[\/vc_column_text][\/vc_column][\/vc_row][vc_row][vc_column][\/vc_column][\/vc_row][vc_row][vc_column][vc_column_text] Los accesorios que [&hellip;]<\/p>\n","protected":false},"author":1,"featured_media":0,"parent":0,"menu_order":0,"comment_status":"closed","ping_status":"closed","template":"","meta":{"footnotes":""},"class_list":["post-1968","page","type-page","status-publish","hentry"],"_links":{"self":[{"href":"https:\/\/elnakheeldrip.com\/es\/wp-json\/wp\/v2\/pages\/1968","targetHints":{"allow":["GET"]}}],"collection":[{"href":"https:\/\/elnakheeldrip.com\/es\/wp-json\/wp\/v2\/pages"}],"about":[{"href":"https:\/\/elnakheeldrip.com\/es\/wp-json\/wp\/v2\/types\/page"}],"author":[{"embeddable":true,"href":"https:\/\/elnakheeldrip.com\/es\/wp-json\/wp\/v2\/users\/1"}],"replies":[{"embeddable":true,"href":"https:\/\/elnakheeldrip.com\/es\/wp-json\/wp\/v2\/comments?post=1968"}],"version-history":[{"count":23,"href":"https:\/\/elnakheeldrip.com\/es\/wp-json\/wp\/v2\/pages\/1968\/revisions"}],"predecessor-version":[{"id":2356,"href":"https:\/\/elnakheeldrip.com\/es\/wp-json\/wp\/v2\/pages\/1968\/revisions\/2356"}],"wp:attachment":[{"href":"https:\/\/elnakheeldrip.com\/es\/wp-json\/wp\/v2\/media?parent=1968"}],"curies":[{"name":"wp","href":"https:\/\/api.w.org\/{rel}","templated":true}]}}