{"id":1963,"date":"2020-03-09T11:57:26","date_gmt":"2020-03-09T11:57:26","guid":{"rendered":"https:\/\/elnakheeldrip.com\/?page_id=1963"},"modified":"2021-06-05T11:52:34","modified_gmt":"2021-06-05T11:52:34","slug":"round-fittings","status":"publish","type":"page","link":"https:\/\/elnakheeldrip.com\/es\/round-fittings\/","title":{"rendered":"Round Fittings"},"content":{"rendered":"<div class=\"wpb-content-wrapper\"><p>[vc_row][vc_column][vc_row_inner][vc_column_inner][\/vc_column_inner][\/vc_row_inner][\/vc_column][\/vc_row][vc_row][vc_column][\/vc_column][\/vc_row][vc_row][vc_column][vc_column_text]&nbsp;<\/p>\n<p>El-Nakheel ofrece una variedad de conectores, \u00ab16 mm\u00bb, que son necesarios para instalar redes de riego agr\u00edcola de calidad europea para garantizar la eficacia de los equipos, la seguridad de las redes agr\u00edcolas, el riego y la eficacia de los procesos de fertilizaci\u00f3n.[\/vc_column_text][vc_column_text]<strong>Las piezas que suministramos para tubos redondos:<\/strong>[\/vc_column_text][\/vc_column][\/vc_row][vc_row][vc_column]\t\t<div class=\"mo-image-carousel-wrap   primary \">\n\t\t\t<div class=\"image-carousel\" data-col_lg=\"5\" data-col_md=\"4\" data-col_sm=\"3\" data-col_xs=\"1\" data-item_space=\"15\" data-loop=\"true\" data-autoplay=\"true\" data-smartspeed=\"500\" data-nav=\"true\" data-dots=\"false\">\n\t\t\t\t<img decoding=\"async\" src=\"https:\/\/elnakheeldrip.com\/es\/wp-content\/uploads\/2020\/02\/MG_0786-copy-150x150.png\" alt=\"image\"\/><img decoding=\"async\" src=\"https:\/\/elnakheeldrip.com\/es\/wp-content\/uploads\/2020\/02\/MG_0768-copy-150x150.png\" alt=\"image\"\/><img decoding=\"async\" src=\"https:\/\/elnakheeldrip.com\/es\/wp-content\/uploads\/2020\/02\/MG_0752-copy-102x150.png\" alt=\"image\"\/><img decoding=\"async\" src=\"https:\/\/elnakheeldrip.com\/es\/wp-content\/uploads\/2020\/02\/MG_0750-copy-150x149.png\" alt=\"image\"\/><img decoding=\"async\" src=\"https:\/\/elnakheeldrip.com\/es\/wp-content\/uploads\/2020\/02\/MG_0748-copy-150x150.png\" alt=\"image\"\/><img decoding=\"async\" src=\"https:\/\/elnakheeldrip.com\/es\/wp-content\/uploads\/2020\/02\/MG_0745-copy-150x150.png\" alt=\"image\"\/><img decoding=\"async\" src=\"https:\/\/elnakheeldrip.com\/es\/wp-content\/uploads\/2020\/02\/MG_0742-copy-150x150.png\" alt=\"image\"\/><img decoding=\"async\" src=\"https:\/\/elnakheeldrip.com\/es\/wp-content\/uploads\/2020\/02\/MG_0741-copy-150x150.png\" alt=\"image\"\/><img decoding=\"async\" src=\"https:\/\/elnakheeldrip.com\/es\/wp-content\/uploads\/2020\/02\/MG_0729-copy-150x150.png\" alt=\"image\"\/><img decoding=\"async\" src=\"https:\/\/elnakheeldrip.com\/es\/wp-content\/uploads\/2020\/02\/MG_0725-copy-150x150.png\" alt=\"image\"\/><img decoding=\"async\" src=\"https:\/\/elnakheeldrip.com\/es\/wp-content\/uploads\/2020\/02\/MG_0719-copy-150x150.png\" alt=\"image\"\/>\t\t\t<\/div>\n\t\t<\/div>\n    [\/vc_column][\/vc_row][vc_row][vc_column][\/vc_column][\/vc_row][vc_row][vc_column][\/vc_column][\/vc_row]<\/p>\n<\/div>","protected":false},"excerpt":{"rendered":"<p>[vc_row][vc_column][vc_row_inner][vc_column_inner][\/vc_column_inner][\/vc_row_inner][\/vc_column][\/vc_row][vc_row][vc_column][\/vc_column][\/vc_row][vc_row][vc_column][vc_column_text]&nbsp; El-Nakheel ofrece una variedad de conectores, \u00ab16 mm\u00bb, que son necesarios para instalar redes de riego agr\u00edcola de calidad europea para garantizar la eficacia de los equipos, la seguridad de las redes agr\u00edcolas, el riego y la eficacia de los procesos de fertilizaci\u00f3n.[\/vc_column_text][vc_column_text]Las piezas que suministramos para tubos redondos:[\/vc_column_text][\/vc_column][\/vc_row][vc_row][vc_column][\/vc_column][\/vc_row][vc_row][vc_column][\/vc_column][\/vc_row][vc_row][vc_column][\/vc_column][\/vc_row]<\/p>\n","protected":false},"author":1,"featured_media":0,"parent":0,"menu_order":0,"comment_status":"closed","ping_status":"closed","template":"","meta":{"footnotes":""},"class_list":["post-1963","page","type-page","status-publish","hentry"],"_links":{"self":[{"href":"https:\/\/elnakheeldrip.com\/es\/wp-json\/wp\/v2\/pages\/1963","targetHints":{"allow":["GET"]}}],"collection":[{"href":"https:\/\/elnakheeldrip.com\/es\/wp-json\/wp\/v2\/pages"}],"about":[{"href":"https:\/\/elnakheeldrip.com\/es\/wp-json\/wp\/v2\/types\/page"}],"author":[{"embeddable":true,"href":"https:\/\/elnakheeldrip.com\/es\/wp-json\/wp\/v2\/users\/1"}],"replies":[{"embeddable":true,"href":"https:\/\/elnakheeldrip.com\/es\/wp-json\/wp\/v2\/comments?post=1963"}],"version-history":[{"count":7,"href":"https:\/\/elnakheeldrip.com\/es\/wp-json\/wp\/v2\/pages\/1963\/revisions"}],"predecessor-version":[{"id":2358,"href":"https:\/\/elnakheeldrip.com\/es\/wp-json\/wp\/v2\/pages\/1963\/revisions\/2358"}],"wp:attachment":[{"href":"https:\/\/elnakheeldrip.com\/es\/wp-json\/wp\/v2\/media?parent=1963"}],"curies":[{"name":"wp","href":"https:\/\/api.w.org\/{rel}","templated":true}]}}