{"id":1717,"date":"2020-02-03T22:11:34","date_gmt":"2020-02-03T22:11:34","guid":{"rendered":"https:\/\/demo.elnakheeldrip.com\/?page_id=1717"},"modified":"2022-07-23T12:01:04","modified_gmt":"2022-07-23T12:01:04","slug":"flat-fittings","status":"publish","type":"page","link":"https:\/\/elnakheeldrip.com\/es\/flat-fittings\/","title":{"rendered":"Flat Fittings"},"content":{"rendered":"<div class=\"wpb-content-wrapper\"><p>[vc_row][vc_column][vc_row_inner][vc_column_inner][\/vc_column_inner][\/vc_row_inner][\/vc_column][\/vc_row][vc_row][vc_column][\/vc_column][\/vc_row][vc_row][vc_column][vc_column_text]<\/p>\n<p>El-Nakheel propone una variedad de conectores, \u00ab16 mm\u00bb, necesarios para la instalaci\u00f3n de redes de riego agr\u00edcola de calidad europea para garantizar la eficacia de los equipos, la seguridad de las redes agr\u00edcolas, el riego y la eficacia de los procesos de fertilizaci\u00f3n.[\/vc_column_text][\/vc_column][\/vc_row][vc_row][vc_column][vc_column_text]<strong>Las piezas que suministramos para las tuber\u00edas planas:<\/strong>[\/vc_column_text][\/vc_column][\/vc_row][vc_row][vc_column]\t\t<div class=\"mo-image-carousel-wrap   primary \">\n\t\t\t<div class=\"image-carousel\" data-col_lg=\"5\" data-col_md=\"4\" data-col_sm=\"3\" data-col_xs=\"1\" data-item_space=\"15\" data-loop=\"true\" data-autoplay=\"true\" data-smartspeed=\"500\" data-nav=\"true\" data-dots=\"false\">\n\t\t\t\t<img decoding=\"async\" src=\"https:\/\/elnakheeldrip.com\/es\/wp-content\/uploads\/2021\/04\/9-1.png\" alt=\"image\"\/><img decoding=\"async\" src=\"https:\/\/elnakheeldrip.com\/es\/wp-content\/uploads\/2021\/04\/9-2.png\" alt=\"image\"\/><img decoding=\"async\" src=\"https:\/\/elnakheeldrip.com\/es\/wp-content\/uploads\/2021\/04\/9-31.png\" alt=\"image\"\/><img decoding=\"async\" src=\"https:\/\/elnakheeldrip.com\/es\/wp-content\/uploads\/2021\/04\/9-4-150x150.png\" alt=\"image\"\/><img decoding=\"async\" src=\"https:\/\/elnakheeldrip.com\/es\/wp-content\/uploads\/2021\/04\/\u0643\u0627\u0648\u062a\u0634\u0629-150x150.png\" alt=\"image\"\/><img decoding=\"async\" src=\"https:\/\/elnakheeldrip.com\/es\/wp-content\/uploads\/2022\/07\/Flat-Accessories-ElNakheel-Drip-150x150.png\" alt=\"image\"\/>\t\t\t<\/div>\n\t\t<\/div>\n    [\/vc_column][\/vc_row]<\/p>\n<\/div>","protected":false},"excerpt":{"rendered":"<p>[vc_row][vc_column][vc_row_inner][vc_column_inner][\/vc_column_inner][\/vc_row_inner][\/vc_column][\/vc_row][vc_row][vc_column][\/vc_column][\/vc_row][vc_row][vc_column][vc_column_text] El-Nakheel propone una variedad de conectores, \u00ab16 mm\u00bb, necesarios para la instalaci\u00f3n de redes de riego agr\u00edcola de calidad europea para garantizar la eficacia de los equipos, la seguridad de las redes agr\u00edcolas, el riego y la eficacia de los procesos de fertilizaci\u00f3n.[\/vc_column_text][\/vc_column][\/vc_row][vc_row][vc_column][vc_column_text]Las piezas que suministramos para las tuber\u00edas planas:[\/vc_column_text][\/vc_column][\/vc_row][vc_row][vc_column][\/vc_column][\/vc_row]<\/p>\n","protected":false},"author":1,"featured_media":0,"parent":0,"menu_order":0,"comment_status":"closed","ping_status":"closed","template":"","meta":{"footnotes":""},"class_list":["post-1717","page","type-page","status-publish","hentry"],"_links":{"self":[{"href":"https:\/\/elnakheeldrip.com\/es\/wp-json\/wp\/v2\/pages\/1717","targetHints":{"allow":["GET"]}}],"collection":[{"href":"https:\/\/elnakheeldrip.com\/es\/wp-json\/wp\/v2\/pages"}],"about":[{"href":"https:\/\/elnakheeldrip.com\/es\/wp-json\/wp\/v2\/types\/page"}],"author":[{"embeddable":true,"href":"https:\/\/elnakheeldrip.com\/es\/wp-json\/wp\/v2\/users\/1"}],"replies":[{"embeddable":true,"href":"https:\/\/elnakheeldrip.com\/es\/wp-json\/wp\/v2\/comments?post=1717"}],"version-history":[{"count":8,"href":"https:\/\/elnakheeldrip.com\/es\/wp-json\/wp\/v2\/pages\/1717\/revisions"}],"predecessor-version":[{"id":2391,"href":"https:\/\/elnakheeldrip.com\/es\/wp-json\/wp\/v2\/pages\/1717\/revisions\/2391"}],"wp:attachment":[{"href":"https:\/\/elnakheeldrip.com\/es\/wp-json\/wp\/v2\/media?parent=1717"}],"curies":[{"name":"wp","href":"https:\/\/api.w.org\/{rel}","templated":true}]}}