{"id":1696,"date":"2020-02-03T22:00:38","date_gmt":"2020-02-03T22:00:38","guid":{"rendered":"https:\/\/demo.elnakheeldrip.com\/?page_id=1696"},"modified":"2021-06-05T11:53:20","modified_gmt":"2021-06-05T11:53:20","slug":"outside-emitter","status":"publish","type":"page","link":"https:\/\/elnakheeldrip.com\/es\/outside-emitter\/","title":{"rendered":"Outside Emitter"},"content":{"rendered":"<div class=\"wpb-content-wrapper\"><p>[vc_row][vc_column][vc_row_inner][vc_column_inner][\/vc_column_inner][\/vc_row_inner][\/vc_column][\/vc_row][vc_row][vc_column][\/vc_column][\/vc_row][vc_row][vc_column][vc_column_text]&nbsp;<\/p>\n<p>El Nakheel proporciona diferentes tipos de emisores exteriores con ambos tipos (PC y NO PC) que son resistentes para productos qu\u00edmicos y fertilizantes con caudales (2,4,8,16 LPH) tambi\u00e9n turbo emisor y emisor de control est\u00e1n disponibles hasta 40 LPH.[\/vc_column_text][\/vc_column][\/vc_row][vc_row][vc_column]\t\t<div class=\"mo-image-carousel-wrap   primary \">\n\t\t\t<div class=\"image-carousel\" data-col_lg=\"5\" data-col_md=\"4\" data-col_sm=\"3\" data-col_xs=\"1\" data-item_space=\"15\" data-loop=\"true\" data-autoplay=\"true\" data-smartspeed=\"500\" data-nav=\"true\" data-dots=\"false\">\n\t\t\t\t<img decoding=\"async\" src=\"https:\/\/elnakheeldrip.com\/es\/wp-content\/uploads\/2020\/02\/MG_0772-150x150.png\" alt=\"image\"\/><img decoding=\"async\" src=\"https:\/\/elnakheeldrip.com\/es\/wp-content\/uploads\/2020\/02\/MG_0774-150x150.png\" alt=\"image\"\/><img decoding=\"async\" src=\"https:\/\/elnakheeldrip.com\/es\/wp-content\/uploads\/2020\/02\/MG_0777-150x150.png\" alt=\"image\"\/><img decoding=\"async\" src=\"https:\/\/elnakheeldrip.com\/es\/wp-content\/uploads\/2020\/02\/MG_0778-150x150.png\" alt=\"image\"\/><img decoding=\"async\" src=\"https:\/\/elnakheeldrip.com\/es\/wp-content\/uploads\/2020\/02\/MG_0780-150x150.png\" alt=\"image\"\/><img decoding=\"async\" src=\"https:\/\/elnakheeldrip.com\/es\/wp-content\/uploads\/2020\/02\/MG_0794-150x150.png\" alt=\"image\"\/><img decoding=\"async\" src=\"https:\/\/elnakheeldrip.com\/es\/wp-content\/uploads\/2020\/02\/MG_3091-150x150.png\" alt=\"image\"\/><img decoding=\"async\" src=\"https:\/\/elnakheeldrip.com\/es\/wp-content\/uploads\/2020\/02\/MG_3092.png\" alt=\"image\"\/><img decoding=\"async\" src=\"https:\/\/elnakheeldrip.com\/es\/wp-content\/uploads\/2020\/02\/MG_3093-150x150.png\" alt=\"image\"\/><img decoding=\"async\" src=\"https:\/\/elnakheeldrip.com\/es\/wp-content\/uploads\/2020\/02\/MG_3094-150x150.png\" alt=\"image\"\/><img decoding=\"async\" src=\"https:\/\/elnakheeldrip.com\/es\/wp-content\/uploads\/2020\/02\/MG_3095.png\" alt=\"image\"\/><img decoding=\"async\" src=\"https:\/\/elnakheeldrip.com\/es\/wp-content\/uploads\/2020\/02\/MG_3096-150x150.png\" alt=\"image\"\/><img decoding=\"async\" src=\"https:\/\/elnakheeldrip.com\/es\/wp-content\/uploads\/2020\/02\/MG_3097-150x150.png\" alt=\"image\"\/><img decoding=\"async\" src=\"https:\/\/elnakheeldrip.com\/es\/wp-content\/uploads\/2020\/02\/MG_3098.png\" alt=\"image\"\/><img decoding=\"async\" src=\"https:\/\/elnakheeldrip.com\/es\/wp-content\/uploads\/2020\/02\/MG_3099-150x150.png\" alt=\"image\"\/>\t\t\t<\/div>\n\t\t<\/div>\n    [\/vc_column][\/vc_row]<\/p>\n<\/div>","protected":false},"excerpt":{"rendered":"<p>[vc_row][vc_column][vc_row_inner][vc_column_inner][\/vc_column_inner][\/vc_row_inner][\/vc_column][\/vc_row][vc_row][vc_column][\/vc_column][\/vc_row][vc_row][vc_column][vc_column_text]&nbsp; El Nakheel proporciona diferentes tipos de emisores exteriores con ambos tipos (PC y NO PC) que son resistentes para productos qu\u00edmicos y fertilizantes con caudales (2,4,8,16 LPH) tambi\u00e9n turbo emisor y emisor de control est\u00e1n disponibles hasta 40 LPH.[\/vc_column_text][\/vc_column][\/vc_row][vc_row][vc_column][\/vc_column][\/vc_row]<\/p>\n","protected":false},"author":1,"featured_media":0,"parent":0,"menu_order":0,"comment_status":"closed","ping_status":"closed","template":"","meta":{"footnotes":""},"class_list":["post-1696","page","type-page","status-publish","hentry"],"_links":{"self":[{"href":"https:\/\/elnakheeldrip.com\/es\/wp-json\/wp\/v2\/pages\/1696","targetHints":{"allow":["GET"]}}],"collection":[{"href":"https:\/\/elnakheeldrip.com\/es\/wp-json\/wp\/v2\/pages"}],"about":[{"href":"https:\/\/elnakheeldrip.com\/es\/wp-json\/wp\/v2\/types\/page"}],"author":[{"embeddable":true,"href":"https:\/\/elnakheeldrip.com\/es\/wp-json\/wp\/v2\/users\/1"}],"replies":[{"embeddable":true,"href":"https:\/\/elnakheeldrip.com\/es\/wp-json\/wp\/v2\/comments?post=1696"}],"version-history":[{"count":4,"href":"https:\/\/elnakheeldrip.com\/es\/wp-json\/wp\/v2\/pages\/1696\/revisions"}],"predecessor-version":[{"id":2359,"href":"https:\/\/elnakheeldrip.com\/es\/wp-json\/wp\/v2\/pages\/1696\/revisions\/2359"}],"wp:attachment":[{"href":"https:\/\/elnakheeldrip.com\/es\/wp-json\/wp\/v2\/media?parent=1696"}],"curies":[{"name":"wp","href":"https:\/\/api.w.org\/{rel}","templated":true}]}}