{"id":1690,"date":"2020-02-03T21:49:27","date_gmt":"2020-02-03T21:49:27","guid":{"rendered":"https:\/\/demo.elnakheeldrip.com\/?page_id=1690"},"modified":"2021-06-18T22:35:09","modified_gmt":"2021-06-18T22:35:09","slug":"flat-irrigation-hoses","status":"publish","type":"page","link":"https:\/\/elnakheeldrip.com\/es\/flat-irrigation-hoses\/","title":{"rendered":"Tubos planos"},"content":{"rendered":"<div class=\"wpb-content-wrapper\"><p>[vc_row][vc_column][vc_row_inner][vc_column_inner][\/vc_column_inner][\/vc_row_inner][\/vc_column][\/vc_row][vc_row][vc_column][\/vc_column][\/vc_row][vc_row][vc_column][vc_column_text]<\/p>\n<p><strong>Tubos planos El-Nakheel:<\/strong><\/p>\n<p>Como parte de nuestro \u00e9xito en el campo del riego moderno, El-Nakheel presenta tuber\u00edas de riego planas.\u00a0El-Nakheel es el \u00fanico fabricante de tubos de riego planos en Egipto fabricados por manos egipcias.\u00a0Adem\u00e1s es la primera empresa en introducir tuber\u00edas planas en el mercado local utilizando las \u00faltimas tecnolog\u00edas en riego moderno.<\/p>\n<p>Este paso vino despu\u00e9s de un estudio que dur\u00f3 m\u00e1s de 5 a\u00f1os despu\u00e9s de varias visitas externas a los principales fabricantes de tubos planos en China, India y Europa. Finalmente se decidi\u00f3 cooperar con uno de los mayores fabricantes europeos.<\/p>\n<p><strong>Ventajas de las tuber\u00edas planas El-Nakheel:<\/strong><\/p>\n<ol>\n<li>Presi\u00f3n de trabajo (1 bar) hasta (3 bar) dependiendo del espesor de la pared donde el di\u00e1metro de los tubos planos var\u00eda (16,18,22 mm) y el espesor (0.15 mm a 0.50 mm).<\/li>\n<li>Adecuado para el riego de todos los cultivos agr\u00edcolas.<\/li>\n<li>Adecuado para riego por goteo en superficie y bajo superficie.<\/li>\n<li>Distancia entre gotas (10 cm a 100 cm), \u00abotras especificaciones especiales est\u00e1n disponibles\u00bb.<\/li>\n<li>Las tuber\u00edas planas El-Nakheel podr\u00edan colocarse sobre casi el doble de la longitud de las tuber\u00edas redondas, lo que da lugar a una abundancia de subl\u00edneas, reduciendo as\u00ed el coste total de la red de riego.<\/li>\n<li>Ahorro del 20% del coste de la mano de obra y del tiempo necesario para instalar la red de riego en la superficie.<\/li>\n<li>Dise\u00f1o innovador de goteros de alta velocidad para mantener las part\u00edculas en suspensi\u00f3n y reducir el riesgo de obstrucci\u00f3n.<\/li>\n<li>Los tubos planos enrollados son f\u00e1ciles de instalar manual o mec\u00e1nicamente.<\/li>\n<li>Caudales disponibles (1.6 \u2013 2.2 \u2013 3.5) \u00a0LPH.<\/li>\n<\/ol>\n<p>Luego vino la siguiente etapa que es \u00abSelecci\u00f3n de goteros internos\u00bb. Despu\u00e9s de dar una consideraci\u00f3n completa, se acord\u00f3 producir los goteros interiores, por lo tanto El-Nakheel garantiza la calidad y eficiencia del nuevo producto \u00abMangueras planas\u00bb, que es fabricado por la \u00faltima maquinaria y contiene la tecnolog\u00eda de gotero reciente.<\/p>\n<p><strong>Ventajas de los goteros interiores para tubos planos<\/strong><\/p>\n<ol>\n<li>Rentabilidad econ\u00f3mica y tama\u00f1o compacto<\/li>\n<li>Excelente uniformidad del filtro CV 3 %<\/li>\n<li>Gran laberinto turbulento para una resistencia superior a la obstrucci\u00f3n.<\/li>\n<li>Fabricado en polietileno virgen para resistir los rayos UV y los da\u00f1os causados por productos qu\u00edmicos y fertilizantes de uso com\u00fan.<\/li>\n<li>Dise\u00f1ado para tuber\u00edas de paredes delgadas y gruesas de 0.15 mm a 1.2 mm (6 mil a 47 mil).<\/li>\n<li>Ideal para aplicaciones de varias estaciones.<\/li>\n<\/ol>\n<p>[\/vc_column_text][\/vc_column][\/vc_row]<\/p>\n<\/div>","protected":false},"excerpt":{"rendered":"<p>[vc_row][vc_column][vc_row_inner][vc_column_inner][\/vc_column_inner][\/vc_row_inner][\/vc_column][\/vc_row][vc_row][vc_column][\/vc_column][\/vc_row][vc_row][vc_column][vc_column_text] Tubos planos El-Nakheel: Como parte de nuestro \u00e9xito en el campo del riego moderno, El-Nakheel presenta tuber\u00edas de riego planas.\u00a0El-Nakheel es el \u00fanico fabricante de tubos de riego planos en Egipto fabricados por manos egipcias.\u00a0Adem\u00e1s es la primera empresa en introducir tuber\u00edas planas en el mercado local utilizando las \u00faltimas tecnolog\u00edas en riego moderno. [&hellip;]<\/p>\n","protected":false},"author":1,"featured_media":0,"parent":0,"menu_order":0,"comment_status":"closed","ping_status":"closed","template":"","meta":{"footnotes":""},"class_list":["post-1690","page","type-page","status-publish","hentry"],"_links":{"self":[{"href":"https:\/\/elnakheeldrip.com\/es\/wp-json\/wp\/v2\/pages\/1690","targetHints":{"allow":["GET"]}}],"collection":[{"href":"https:\/\/elnakheeldrip.com\/es\/wp-json\/wp\/v2\/pages"}],"about":[{"href":"https:\/\/elnakheeldrip.com\/es\/wp-json\/wp\/v2\/types\/page"}],"author":[{"embeddable":true,"href":"https:\/\/elnakheeldrip.com\/es\/wp-json\/wp\/v2\/users\/1"}],"replies":[{"embeddable":true,"href":"https:\/\/elnakheeldrip.com\/es\/wp-json\/wp\/v2\/comments?post=1690"}],"version-history":[{"count":13,"href":"https:\/\/elnakheeldrip.com\/es\/wp-json\/wp\/v2\/pages\/1690\/revisions"}],"predecessor-version":[{"id":2366,"href":"https:\/\/elnakheeldrip.com\/es\/wp-json\/wp\/v2\/pages\/1690\/revisions\/2366"}],"wp:attachment":[{"href":"https:\/\/elnakheeldrip.com\/es\/wp-json\/wp\/v2\/media?parent=1690"}],"curies":[{"name":"wp","href":"https:\/\/api.w.org\/{rel}","templated":true}]}}