{"id":1687,"date":"2020-02-03T21:44:33","date_gmt":"2020-02-03T21:44:33","guid":{"rendered":"https:\/\/demo.elnakheeldrip.com\/?page_id=1687"},"modified":"2021-06-05T11:46:40","modified_gmt":"2021-06-05T11:46:40","slug":"blank-irrigation-hoses","status":"publish","type":"page","link":"https:\/\/elnakheeldrip.com\/es\/blank-irrigation-hoses\/","title":{"rendered":"Tuber\u00edas de Riego blank"},"content":{"rendered":"<div class=\"wpb-content-wrapper\"><p>[vc_row parallax=\u00bbcontent-moving\u00bb parallax_image=\u00bb2313&#8243; css=\u00bb.vc_custom_1621667695093{background-image: url(https:\/\/elnakheeldrip.com\/wp-content\/uploads\/2021\/05\/Round-Irrigation-Hoses-\u2013-ElNakheel-drip.jpg?id=2313) !important;}\u00bb][vc_column][vc_row_inner][vc_column_inner][\/vc_column_inner][\/vc_row_inner][\/vc_column][\/vc_row][vc_row][vc_column][\/vc_column][\/vc_row][vc_row][vc_column][vc_column_text]<\/p>\n<p><strong>Tuber\u00edas de Riego blank<\/strong><\/p>\n<p>(Tubos Blank NKHL) se fabrican con un di\u00e1metro diferente a partir de 16 mm a 32 mm.<\/p>\n<p><strong>Riego de \u00e1rboles (tuber\u00edas circulares)<\/strong><\/p>\n<p>El-Nakheel proporciona tuber\u00edas definidas por los \u00e1rboles que tienen en cuenta muchas variables como el tipo de \u00e1rbol, la tasa de crecimiento, los caudales de agua en diferentes etapas de crecimiento y otros requisitos eficaces en la arboricultura.[\/vc_column_text][\/vc_column][\/vc_row]<\/p>\n<\/div>","protected":false},"excerpt":{"rendered":"<p>[vc_row parallax=\u00bbcontent-moving\u00bb parallax_image=\u00bb2313&#8243; css=\u00bb.vc_custom_1621667695093{background-image: url(https:\/\/elnakheeldrip.com\/wp-content\/uploads\/2021\/05\/Round-Irrigation-Hoses-\u2013-ElNakheel-drip.jpg?id=2313) !important;}\u00bb][vc_column][vc_row_inner][vc_column_inner][\/vc_column_inner][\/vc_row_inner][\/vc_column][\/vc_row][vc_row][vc_column][\/vc_column][\/vc_row][vc_row][vc_column][vc_column_text] Tuber\u00edas de Riego blank (Tubos Blank NKHL) se fabrican con un di\u00e1metro diferente a partir de 16 mm a 32 mm. Riego de \u00e1rboles (tuber\u00edas circulares) El-Nakheel proporciona tuber\u00edas definidas por los \u00e1rboles que tienen en cuenta muchas variables como el tipo de \u00e1rbol, la tasa de crecimiento, los [&hellip;]<\/p>\n","protected":false},"author":1,"featured_media":0,"parent":0,"menu_order":0,"comment_status":"closed","ping_status":"closed","template":"","meta":{"footnotes":""},"class_list":["post-1687","page","type-page","status-publish","hentry"],"_links":{"self":[{"href":"https:\/\/elnakheeldrip.com\/es\/wp-json\/wp\/v2\/pages\/1687","targetHints":{"allow":["GET"]}}],"collection":[{"href":"https:\/\/elnakheeldrip.com\/es\/wp-json\/wp\/v2\/pages"}],"about":[{"href":"https:\/\/elnakheeldrip.com\/es\/wp-json\/wp\/v2\/types\/page"}],"author":[{"embeddable":true,"href":"https:\/\/elnakheeldrip.com\/es\/wp-json\/wp\/v2\/users\/1"}],"replies":[{"embeddable":true,"href":"https:\/\/elnakheeldrip.com\/es\/wp-json\/wp\/v2\/comments?post=1687"}],"version-history":[{"count":8,"href":"https:\/\/elnakheeldrip.com\/es\/wp-json\/wp\/v2\/pages\/1687\/revisions"}],"predecessor-version":[{"id":2314,"href":"https:\/\/elnakheeldrip.com\/es\/wp-json\/wp\/v2\/pages\/1687\/revisions\/2314"}],"wp:attachment":[{"href":"https:\/\/elnakheeldrip.com\/es\/wp-json\/wp\/v2\/media?parent=1687"}],"curies":[{"name":"wp","href":"https:\/\/api.w.org\/{rel}","templated":true}]}}