{"id":1658,"date":"2020-02-03T21:04:16","date_gmt":"2020-02-03T21:04:16","guid":{"rendered":"http:\/\/demo.elnakheeldrip.com\/?page_id=1658"},"modified":"2021-06-05T11:42:26","modified_gmt":"2021-06-05T11:42:26","slug":"round-irrigation-hoses","status":"publish","type":"page","link":"https:\/\/elnakheeldrip.com\/es\/round-irrigation-hoses\/","title":{"rendered":"Irrigaci\u00f3n Redonda"},"content":{"rendered":"<div class=\"wpb-content-wrapper\"><p>[vc_row][vc_column][vc_row_inner][vc_column_inner][\/vc_column_inner][\/vc_row_inner][\/vc_column][\/vc_row][vc_row][vc_column][\/vc_column][\/vc_row][vc_row][vc_column][vc_column_text]&nbsp;<\/p>\n<p><strong>Especificaciones t\u00e9cnicas de los tubos redondos El-Nakheel: (NO PC)<\/strong><\/p>\n<p>Las tuber\u00edas El Nakheel son de polietileno de baja densidad lineal para aumentar la vida \u00fatil tanto como la duraci\u00f3n de la garant\u00eda. Las tuber\u00edas El-Nakheel corresponden a las normas de la sociedad Americana de la Asociaci\u00f3n Internacional para los Ensayos y Materiales \u00abPE 14 Clase C como se describe en ASTM 1248\u00bb y tambi\u00e9n son aprobadas por el Consejo de la industria para la tecnolog\u00eda y la innovaci\u00f3n \u00abConsejo gubernamental\u00bb y ha obtenido los siguientes resultados:<\/p>\n<ol>\n<li>Los tubos El-Nakheel son tratados qu\u00edmicamente, anti-ultravioleta, resistentes a \u00e1cidos, alcalinos y corrosivos.<\/li>\n<li>El espesor comienza en 1 mm a 1,2 mm (se pueden solicitar especificaciones especiales de espesor). La redondez y el espesor son constantes a trav\u00e9s de la tuber\u00eda. Nuestros tubos han superado el ensayo de dimensiones (di\u00e1metro exterior, espesor) tambi\u00e9n el ensayo de reversi\u00f3n longitudinal (cambio longitudinal para el tubo).<\/li>\n<li>Presi\u00f3n de trabajo de 1 bar a 4 bar.<\/li>\n<li>Carbono negro 2,5 %.<\/li>\n<li>Les tuyaux El-Nakheel ont subi d&#8217;autres essais tels que des essais m\u00e9caniques (rupture sous tension, rupture d&#8217;allongement), le pourcentage de remplissage, la pression d&#8217;\u00e9clatement, la fissuration sous contrainte environnementale (fissures, examen de surface).<\/li>\n<li>Adecuado para palmeras, frutas, cultivos y paisajes.<\/li>\n<li>Garant\u00eda de 5, 7 y 10 a\u00f1os.<\/li>\n<\/ol>\n<p><strong>Prosperidad de los goteros redondos internos de El-Nakheel:<\/strong><\/p>\n<p>Los goteros redondos internos se fabrican en la f\u00e1brica El-Nakheel con diferentes caudales con diferentes est\u00e1ndares (americano y europeo) que se caracterizan por:<\/p>\n<ol>\n<li>Producto con diferentes caudales (2, 4, 6, 8) LPH.<\/li>\n<li>Fabricado en polietileno de alta densidad (H.D.P.E).<\/li>\n<li>Dise\u00f1ado en forma de bobinado para reducir las precipitaciones que impiden el bloqueo dentro del gotero para mejorar la eficiencia de la red de riego y protegerlo del proceso de fertilizaci\u00f3n.<\/li>\n<\/ol>\n<p>Alta resistencia para diferentes presiones y factores meteorol\u00f3gicos (polvo, viento, humedad del suelo) y diferentes temperaturas de &#8211; 0 %\u00a0\u00a0 C a 50 %\u00a0\u00a0 C.<\/p>\n<p><strong>Las caracter\u00edsticas m\u00e1s importantes de los tubos (NKHL-PC):<\/strong><\/p>\n<ol>\n<li>Garantiza un flujo constante de agua mientras la tuber\u00eda funcione en tierra.<\/li>\n<li>Los goteros de PC se dedican a una acci\u00f3n de tratamiento del agua auto-enjuagante que asegura la limpieza del agua de las impurezas. Por otra parte, contiene una v\u00e1lvula de goma para mantener el caudal requerido en caso de variaci\u00f3n de presi\u00f3n.<\/li>\n<li>Muy \u00fatil para el cultivo de terrenos inestables o inclinados.<\/li>\n<li>El \u00abcoeficiente de variaci\u00f3n\u00bb del CV es inferior a 0,01.<\/li>\n<\/ol>\n<p>[\/vc_column_text][\/vc_column][\/vc_row]<\/p>\n<\/div>","protected":false},"excerpt":{"rendered":"<p>[vc_row][vc_column][vc_row_inner][vc_column_inner][\/vc_column_inner][\/vc_row_inner][\/vc_column][\/vc_row][vc_row][vc_column][\/vc_column][\/vc_row][vc_row][vc_column][vc_column_text]&nbsp; Especificaciones t\u00e9cnicas de los tubos redondos El-Nakheel: (NO PC) Las tuber\u00edas El Nakheel son de polietileno de baja densidad lineal para aumentar la vida \u00fatil tanto como la duraci\u00f3n de la garant\u00eda. Las tuber\u00edas El-Nakheel corresponden a las normas de la sociedad Americana de la Asociaci\u00f3n Internacional para los Ensayos y Materiales \u00abPE 14 [&hellip;]<\/p>\n","protected":false},"author":1,"featured_media":0,"parent":0,"menu_order":0,"comment_status":"closed","ping_status":"closed","template":"","meta":{"footnotes":""},"class_list":["post-1658","page","type-page","status-publish","hentry"],"_links":{"self":[{"href":"https:\/\/elnakheeldrip.com\/es\/wp-json\/wp\/v2\/pages\/1658","targetHints":{"allow":["GET"]}}],"collection":[{"href":"https:\/\/elnakheeldrip.com\/es\/wp-json\/wp\/v2\/pages"}],"about":[{"href":"https:\/\/elnakheeldrip.com\/es\/wp-json\/wp\/v2\/types\/page"}],"author":[{"embeddable":true,"href":"https:\/\/elnakheeldrip.com\/es\/wp-json\/wp\/v2\/users\/1"}],"replies":[{"embeddable":true,"href":"https:\/\/elnakheeldrip.com\/es\/wp-json\/wp\/v2\/comments?post=1658"}],"version-history":[{"count":10,"href":"https:\/\/elnakheeldrip.com\/es\/wp-json\/wp\/v2\/pages\/1658\/revisions"}],"predecessor-version":[{"id":2354,"href":"https:\/\/elnakheeldrip.com\/es\/wp-json\/wp\/v2\/pages\/1658\/revisions\/2354"}],"wp:attachment":[{"href":"https:\/\/elnakheeldrip.com\/es\/wp-json\/wp\/v2\/media?parent=1658"}],"curies":[{"name":"wp","href":"https:\/\/api.w.org\/{rel}","templated":true}]}}